{"id":948,"date":"2025-06-30T11:10:10","date_gmt":"2025-06-30T11:10:10","guid":{"rendered":"https:\/\/zstip.2kwebdesign.hu\/?page_id=948"},"modified":"2025-06-30T11:10:44","modified_gmt":"2025-06-30T11:10:44","slug":"uzleti-szolgaltatasok","status":"publish","type":"page","link":"https:\/\/zsambeksciencepark.hu\/en\/szolgaltatasok\/uzleti-szolgaltatasok\/","title":{"rendered":"Business services"},"content":{"rendered":"<div data-elementor-type=\"wp-page\" data-elementor-id=\"948\" class=\"elementor elementor-948\" data-elementor-post-type=\"page\">\n\t\t\t\t<div class=\"elementor-element elementor-element-71ba28e e-flex e-con-boxed e-con e-parent\" data-id=\"71ba28e\" data-element_type=\"container\" data-settings=\"{&quot;background_background&quot;:&quot;classic&quot;}\">\n\t\t\t\t\t<div class=\"e-con-inner\">\n\t\t<div class=\"elementor-element elementor-element-269b11a e-flex e-con-boxed e-con e-child\" data-id=\"269b11a\" data-element_type=\"container\">\n\t\t\t\t\t<div class=\"e-con-inner\">\n\t\t<div class=\"elementor-element elementor-element-80a783a e-con-full e-flex e-con e-child\" data-id=\"80a783a\" data-element_type=\"container\">\n\t\t\t\t<\/div>\n\t\t<div class=\"elementor-element elementor-element-621b9f8 e-con-full e-flex e-con e-child\" data-id=\"621b9f8\" data-element_type=\"container\">\n\t\t\t\t<\/div>\n\t\t\t\t\t<\/div>\n\t\t\t\t<\/div>\n\t\t\t\t\t<\/div>\n\t\t\t\t<\/div>\n\t\t<div class=\"elementor-element elementor-element-d129d54 e-flex e-con-boxed e-con e-parent\" data-id=\"d129d54\" data-element_type=\"container\">\n\t\t\t\t\t<div class=\"e-con-inner\">\n\t\t<div class=\"elementor-element elementor-element-8a5faca e-con-full e-flex e-con e-child\" data-id=\"8a5faca\" data-element_type=\"container\">\n\t\t\t\t<div class=\"elementor-element elementor-element-91f7ce7 elementor-nav-menu--dropdown-none elementor-widget elementor-widget-nav-menu\" data-id=\"91f7ce7\" data-element_type=\"widget\" data-settings=\"{&quot;layout&quot;:&quot;horizontal&quot;,&quot;submenu_icon&quot;:{&quot;value&quot;:&quot;&lt;svg class=\\&quot;e-font-icon-svg e-fas-caret-down\\&quot; viewBox=\\&quot;0 0 320 512\\&quot; xmlns=\\&quot;http:\\\/\\\/www.w3.org\\\/2000\\\/svg\\&quot;&gt;&lt;path d=\\&quot;M31.3 192h257.3c17.8 0 26.7 21.5 14.1 34.1L174.1 354.8c-7.8 7.8-20.5 7.8-28.3 0L17.2 226.1C4.6 213.5 13.5 192 31.3 192z\\&quot;&gt;&lt;\\\/path&gt;&lt;\\\/svg&gt;&quot;,&quot;library&quot;:&quot;fa-solid&quot;}}\" data-widget_type=\"nav-menu.default\">\n\t\t\t\t<div class=\"elementor-widget-container\">\n\t\t\t\t\t\t\t\t<nav aria-label=\"Menu\" class=\"elementor-nav-menu--main elementor-nav-menu__container elementor-nav-menu--layout-horizontal e--pointer-underline e--animation-fade\">\n\t\t\t\t<ul id=\"menu-1-91f7ce7\" class=\"elementor-nav-menu\"><li class=\"menu-item menu-item-type-post_type menu-item-object-page menu-item-927\"><a href=\"https:\/\/zsambeksciencepark.hu\/en\/szolgaltatasok\/kfi-es-ku%cc%88lonbozo-innovacio-fokuszu-tevekenysegekhez-kapcsolodo-szolgaltatasok\/\" class=\"elementor-item\">Services related to R&amp;D&amp;I and various innovation-focused activities<\/a><\/li>\n<li class=\"menu-item menu-item-type-post_type menu-item-object-page menu-item-941\"><a href=\"https:\/\/zsambeksciencepark.hu\/en\/szolgaltatasok\/infrastrukturahoz-kapcsolodo-szolgaltatasok\/\" class=\"elementor-item\">Infrastructure-related services<\/a><\/li>\n<li class=\"menu-item menu-item-type-post_type menu-item-object-page menu-item-956\"><a href=\"https:\/\/zsambeksciencepark.hu\/en\/szolgaltatasok\/uzleti-szolgaltatasok\/\" class=\"elementor-item\">Business services<\/a><\/li>\n<\/ul>\t\t\t<\/nav>\n\t\t\t\t\t\t<nav class=\"elementor-nav-menu--dropdown elementor-nav-menu__container\" aria-hidden=\"true\">\n\t\t\t\t<ul id=\"menu-2-91f7ce7\" class=\"elementor-nav-menu\"><li class=\"menu-item menu-item-type-post_type menu-item-object-page menu-item-927\"><a href=\"https:\/\/zsambeksciencepark.hu\/en\/szolgaltatasok\/kfi-es-ku%cc%88lonbozo-innovacio-fokuszu-tevekenysegekhez-kapcsolodo-szolgaltatasok\/\" class=\"elementor-item\" tabindex=\"-1\">Services related to R&amp;D&amp;I and various innovation-focused activities<\/a><\/li>\n<li class=\"menu-item menu-item-type-post_type menu-item-object-page menu-item-941\"><a href=\"https:\/\/zsambeksciencepark.hu\/en\/szolgaltatasok\/infrastrukturahoz-kapcsolodo-szolgaltatasok\/\" class=\"elementor-item\" tabindex=\"-1\">Infrastructure-related services<\/a><\/li>\n<li class=\"menu-item menu-item-type-post_type menu-item-object-page menu-item-956\"><a href=\"https:\/\/zsambeksciencepark.hu\/en\/szolgaltatasok\/uzleti-szolgaltatasok\/\" class=\"elementor-item\" tabindex=\"-1\">Business services<\/a><\/li>\n<\/ul>\t\t\t<\/nav>\n\t\t\t\t\t\t<\/div>\n\t\t\t\t<\/div>\n\t\t\t\t<\/div>\n\t\t\t\t\t<\/div>\n\t\t\t\t<\/div>\n\t\t<div class=\"elementor-element elementor-element-7573769 e-flex e-con-boxed e-con e-parent\" data-id=\"7573769\" data-element_type=\"container\">\n\t\t\t\t\t<div class=\"e-con-inner\">\n\t\t\t\t<div class=\"elementor-element elementor-element-2f3032c elementor-widget elementor-widget-text-editor\" data-id=\"2f3032c\" data-element_type=\"widget\" data-widget_type=\"text-editor.default\">\n\t\t\t\t<div class=\"elementor-widget-container\">\n\t\t\t\t\t\t\t\t\t<ul class=\"ul1\"><li class=\"li2\">Office equipment rental<\/li><li class=\"li2\">Event organization<\/li><li class=\"li2\">Graphic design and printing<\/li><li class=\"li2\">Website design<\/li><li class=\"li2\">Incubation mentoring, coaching<\/li><li class=\"li2\">Application advice<\/li><li class=\"li2\">Strategic planning consulting<\/li><li class=\"li2\">Promotion and marketing consulting<\/li><li class=\"li2\">Networking (conferences, seminars, competitions, other events)<\/li><li class=\"li2\">Career counseling for students (e.g. in the case of a university incubator)<\/li><li class=\"li2\">Connection between researchers and companies<\/li><li class=\"li2\">Researchers in further developing their innovative business ideas<\/li><li class=\"li3\">Cooperative education<\/li><\/ul>\t\t\t\t\t\t\t\t<\/div>\n\t\t\t\t<\/div>\n\t\t\t\t<div class=\"elementor-element elementor-element-01a7365 elementor-widget elementor-widget-spacer\" data-id=\"01a7365\" data-element_type=\"widget\" data-widget_type=\"spacer.default\">\n\t\t\t\t<div class=\"elementor-widget-container\">\n\t\t\t\t\t\t\t<div class=\"elementor-spacer\">\n\t\t\t<div class=\"elementor-spacer-inner\"><\/div>\n\t\t<\/div>\n\t\t\t\t\t\t<\/div>\n\t\t\t\t<\/div>\n\t\t\t\t\t<\/div>\n\t\t\t\t<\/div>\n\t\t\t\t<\/div>","protected":false},"excerpt":{"rendered":"<p>Irodai eszk\u00f6z\u00f6k b\u00e9rbead\u00e1sa Rendezv\u00e9nyszervez\u00e9s Grafikai tervez\u00e9s \u00e9s nyomtat\u00e1s Honlaptervez\u00e9s Inkub\u00e1ci\u00f3s mentor\u00e1l\u00e1s, coaching P\u00e1ly\u00e1zati tan\u00e1csad\u00e1s Strat\u00e9giai tervez\u00e9si tan\u00e1csad\u00e1s Prom\u00f3ci\u00f3s- \u00e9s marketingtan\u00e1csad\u00e1s H\u00e1l\u00f3zat\u00e9p\u00edt\u00e9s (konferenci\u00e1k, szemin\u00e1riumok, versenyek, m\u00e1s esem\u00e9nyek) Karriertan\u00e1csad\u00e1s a hallgat\u00f3k r\u00e9sz\u00e9re (pl. egyetemi inkub\u00e1tor eset\u00e9ben) Kutat\u00f3k \u00e9s a c\u00e9gek k\u00f6z\u00f6tti \u00f6sszek\u00f6ttet\u00e9s Kutat\u00f3k innovat\u00edv \u00fczleti \u00f6tleteik tov\u00e1bbfejleszt\u00e9s\u00e9ben Kooperat\u00edv k\u00e9pz\u00e9s<\/p>","protected":false},"author":1,"featured_media":0,"parent":248,"menu_order":0,"comment_status":"closed","ping_status":"closed","template":"","meta":{"_seopress_robots_primary_cat":"","_seopress_titles_title":"","_seopress_titles_desc":"","_seopress_robots_index":"","footnotes":""},"class_list":["post-948","page","type-page","status-publish","hentry"],"_links":{"self":[{"href":"https:\/\/zsambeksciencepark.hu\/en\/wp-json\/wp\/v2\/pages\/948","targetHints":{"allow":["GET"]}}],"collection":[{"href":"https:\/\/zsambeksciencepark.hu\/en\/wp-json\/wp\/v2\/pages"}],"about":[{"href":"https:\/\/zsambeksciencepark.hu\/en\/wp-json\/wp\/v2\/types\/page"}],"author":[{"embeddable":true,"href":"https:\/\/zsambeksciencepark.hu\/en\/wp-json\/wp\/v2\/users\/1"}],"replies":[{"embeddable":true,"href":"https:\/\/zsambeksciencepark.hu\/en\/wp-json\/wp\/v2\/comments?post=948"}],"version-history":[{"count":4,"href":"https:\/\/zsambeksciencepark.hu\/en\/wp-json\/wp\/v2\/pages\/948\/revisions"}],"predecessor-version":[{"id":952,"href":"https:\/\/zsambeksciencepark.hu\/en\/wp-json\/wp\/v2\/pages\/948\/revisions\/952"}],"up":[{"embeddable":true,"href":"https:\/\/zsambeksciencepark.hu\/en\/wp-json\/wp\/v2\/pages\/248"}],"wp:attachment":[{"href":"https:\/\/zsambeksciencepark.hu\/en\/wp-json\/wp\/v2\/media?parent=948"}],"curies":[{"name":"wp","href":"https:\/\/api.w.org\/{rel}","templated":true}]}}