{"id":939,"date":"2025-06-30T11:04:14","date_gmt":"2025-06-30T11:04:14","guid":{"rendered":"https:\/\/zstip.2kwebdesign.hu\/?page_id=939"},"modified":"2025-06-30T11:08:44","modified_gmt":"2025-06-30T11:08:44","slug":"infrastrukturahoz-kapcsolodo-szolgaltatasok","status":"publish","type":"page","link":"https:\/\/zsambeksciencepark.hu\/en\/szolgaltatasok\/infrastrukturahoz-kapcsolodo-szolgaltatasok\/","title":{"rendered":"Infrastructure-related services"},"content":{"rendered":"<div data-elementor-type=\"wp-page\" data-elementor-id=\"939\" class=\"elementor elementor-939\" data-elementor-post-type=\"page\">\n\t\t\t\t<div class=\"elementor-element elementor-element-71ba28e e-flex e-con-boxed e-con e-parent\" data-id=\"71ba28e\" data-element_type=\"container\" data-settings=\"{&quot;background_background&quot;:&quot;classic&quot;}\">\n\t\t\t\t\t<div class=\"e-con-inner\">\n\t\t<div class=\"elementor-element elementor-element-269b11a e-flex e-con-boxed e-con e-child\" data-id=\"269b11a\" data-element_type=\"container\">\n\t\t\t\t\t<div class=\"e-con-inner\">\n\t\t<div class=\"elementor-element elementor-element-80a783a e-con-full e-flex e-con e-child\" data-id=\"80a783a\" data-element_type=\"container\">\n\t\t\t\t<\/div>\n\t\t<div class=\"elementor-element elementor-element-621b9f8 e-con-full e-flex e-con e-child\" data-id=\"621b9f8\" data-element_type=\"container\">\n\t\t\t\t<\/div>\n\t\t\t\t\t<\/div>\n\t\t\t\t<\/div>\n\t\t\t\t\t<\/div>\n\t\t\t\t<\/div>\n\t\t<div class=\"elementor-element elementor-element-d129d54 e-flex e-con-boxed e-con e-parent\" data-id=\"d129d54\" data-element_type=\"container\">\n\t\t\t\t\t<div class=\"e-con-inner\">\n\t\t<div class=\"elementor-element elementor-element-8a5faca e-con-full e-flex e-con e-child\" data-id=\"8a5faca\" data-element_type=\"container\">\n\t\t\t\t<div class=\"elementor-element elementor-element-91f7ce7 elementor-nav-menu--dropdown-none elementor-widget elementor-widget-nav-menu\" data-id=\"91f7ce7\" data-element_type=\"widget\" data-settings=\"{&quot;layout&quot;:&quot;horizontal&quot;,&quot;submenu_icon&quot;:{&quot;value&quot;:&quot;&lt;svg class=\\&quot;e-font-icon-svg e-fas-caret-down\\&quot; viewBox=\\&quot;0 0 320 512\\&quot; xmlns=\\&quot;http:\\\/\\\/www.w3.org\\\/2000\\\/svg\\&quot;&gt;&lt;path d=\\&quot;M31.3 192h257.3c17.8 0 26.7 21.5 14.1 34.1L174.1 354.8c-7.8 7.8-20.5 7.8-28.3 0L17.2 226.1C4.6 213.5 13.5 192 31.3 192z\\&quot;&gt;&lt;\\\/path&gt;&lt;\\\/svg&gt;&quot;,&quot;library&quot;:&quot;fa-solid&quot;}}\" data-widget_type=\"nav-menu.default\">\n\t\t\t\t<div class=\"elementor-widget-container\">\n\t\t\t\t\t\t\t\t<nav aria-label=\"Menu\" class=\"elementor-nav-menu--main elementor-nav-menu__container elementor-nav-menu--layout-horizontal e--pointer-underline e--animation-fade\">\n\t\t\t\t<ul id=\"menu-1-91f7ce7\" class=\"elementor-nav-menu\"><li class=\"menu-item menu-item-type-post_type menu-item-object-page menu-item-927\"><a href=\"https:\/\/zsambeksciencepark.hu\/en\/szolgaltatasok\/kfi-es-ku%cc%88lonbozo-innovacio-fokuszu-tevekenysegekhez-kapcsolodo-szolgaltatasok\/\" class=\"elementor-item\">Services related to R&amp;D&amp;I and various innovation-focused activities<\/a><\/li>\n<li class=\"menu-item menu-item-type-post_type menu-item-object-page menu-item-941\"><a href=\"https:\/\/zsambeksciencepark.hu\/en\/szolgaltatasok\/infrastrukturahoz-kapcsolodo-szolgaltatasok\/\" class=\"elementor-item\">Infrastructure-related services<\/a><\/li>\n<li class=\"menu-item menu-item-type-post_type menu-item-object-page menu-item-956\"><a href=\"https:\/\/zsambeksciencepark.hu\/en\/szolgaltatasok\/uzleti-szolgaltatasok\/\" class=\"elementor-item\">Business services<\/a><\/li>\n<\/ul>\t\t\t<\/nav>\n\t\t\t\t\t\t<nav class=\"elementor-nav-menu--dropdown elementor-nav-menu__container\" aria-hidden=\"true\">\n\t\t\t\t<ul id=\"menu-2-91f7ce7\" class=\"elementor-nav-menu\"><li class=\"menu-item menu-item-type-post_type menu-item-object-page menu-item-927\"><a href=\"https:\/\/zsambeksciencepark.hu\/en\/szolgaltatasok\/kfi-es-ku%cc%88lonbozo-innovacio-fokuszu-tevekenysegekhez-kapcsolodo-szolgaltatasok\/\" class=\"elementor-item\" tabindex=\"-1\">Services related to R&amp;D&amp;I and various innovation-focused activities<\/a><\/li>\n<li class=\"menu-item menu-item-type-post_type menu-item-object-page menu-item-941\"><a href=\"https:\/\/zsambeksciencepark.hu\/en\/szolgaltatasok\/infrastrukturahoz-kapcsolodo-szolgaltatasok\/\" class=\"elementor-item\" tabindex=\"-1\">Infrastructure-related services<\/a><\/li>\n<li class=\"menu-item menu-item-type-post_type menu-item-object-page menu-item-956\"><a href=\"https:\/\/zsambeksciencepark.hu\/en\/szolgaltatasok\/uzleti-szolgaltatasok\/\" class=\"elementor-item\" tabindex=\"-1\">Business services<\/a><\/li>\n<\/ul>\t\t\t<\/nav>\n\t\t\t\t\t\t<\/div>\n\t\t\t\t<\/div>\n\t\t\t\t<\/div>\n\t\t\t\t\t<\/div>\n\t\t\t\t<\/div>\n\t\t<div class=\"elementor-element elementor-element-7573769 e-flex e-con-boxed e-con e-parent\" data-id=\"7573769\" data-element_type=\"container\">\n\t\t\t\t\t<div class=\"e-con-inner\">\n\t\t\t\t<div class=\"elementor-element elementor-element-2f3032c elementor-widget elementor-widget-text-editor\" data-id=\"2f3032c\" data-element_type=\"widget\" data-widget_type=\"text-editor.default\">\n\t\t\t\t<div class=\"elementor-widget-container\">\n\t\t\t\t\t\t\t\t\t<ol>\n  <li><strong>Basic infrastructure related services<\/strong>\n    <ul>\n      <li>Reception<\/li>\n      <li>Conference, meeting\/lecture and event room<\/li>\n      <li>Parking<\/li>\n      <li>Cleaning services<\/li>\n      <li>General technical maintenance<\/li>\n      <li>IT services (internet, fax)<\/li>\n      <li>Infrastructure and equipment rental<\/li>\n      <li>Data center, advanced server infrastructure<\/li>\n      <li>Additional infrastructure-related services implemented by the City of Zs\u00e1mb\u00e9k (typically not in the area of ZSTIP, but in cooperation with the City Government of Zs\u00e1mb\u00e9k through services managed by the city)<\/li>\n      <li>Accommodation<\/li>\n      <li>Childcare center<\/li>\n      <li>Relaxation room<\/li>\n      <li>Multi-level access control system<\/li>\n      <li>Matching urban services (e.g. tourism service package)<\/li>\n      <li>Medical on-call, occupational health on-call<\/li>\n      <li>Adaptation of urban planning needs (development of special urban provisions)<\/li>\n    <\/ul>\n  <\/li>\n  <li><strong>Additional infrastructure-related services<\/strong>\n    <ul>\n      <li>Kitchen<\/li>\n      <li>Restaurant<\/li>\n      <li>Relaxation room<\/li>\n      <li>Multi-level access control system<\/li>\n    <\/ul>\n  <\/li>\n  <li><strong>Purchased services<\/strong>\n    <ul>\n      <li>Community manager<\/li>\n      <li>Security remote monitoring<\/li>\n    <\/ul>\n  <\/li>\n<\/ol>\t\t\t\t\t\t\t\t<\/div>\n\t\t\t\t<\/div>\n\t\t\t\t<div class=\"elementor-element elementor-element-01a7365 elementor-widget elementor-widget-spacer\" data-id=\"01a7365\" data-element_type=\"widget\" data-widget_type=\"spacer.default\">\n\t\t\t\t<div class=\"elementor-widget-container\">\n\t\t\t\t\t\t\t<div class=\"elementor-spacer\">\n\t\t\t<div class=\"elementor-spacer-inner\"><\/div>\n\t\t<\/div>\n\t\t\t\t\t\t<\/div>\n\t\t\t\t<\/div>\n\t\t\t\t\t<\/div>\n\t\t\t\t<\/div>\n\t\t\t\t<\/div>","protected":false},"excerpt":{"rendered":"<p>Alapvet\u0151 infrastrukt\u00far\u00e1hoz kapcsol\u00f3d\u00f3 szolg\u00e1ltat\u00e1sok Recepci\u00f3 Konferencia-, t\u00e1rgyal\u00f3\/el\u0151ad\u00f3 \u00e9s rendezv\u00e9nyterem Parkol\u00f3 Takar\u00edt\u00e1si szolg\u00e1ltat\u00e1sok \u00c1ltal\u00e1nos m\u0171szaki karbantart\u00e1s IT szolg\u00e1ltat\u00e1sok (internet, fax) Infrastrukt\u00fara \u00e9s berendez\u00e9sek b\u00e9rbead\u00e1sa Adatk\u00f6zpont, fejlett szerverinfrastrukt\u00fara Kieg\u00e9sz\u00edt\u0151, infrastrukt\u00far\u00e1hoz kapcsol\u00f3d\u00f3 szolg\u00e1ltat\u00e1sok Zs\u00e1mb\u00e9k V\u00e1rosa \u00e1ltal megval\u00f3s\u00edtva (jellemz\u0151en nem a ZSTIP ter\u00fclet\u00e9n, hanem Zs\u00e1mb\u00e9k V\u00e1ros \u00d6nkorm\u00e1nyzat\u00e1val egy\u00fcttm\u0171k\u00f6dve a v\u00e1ros \u00e1ltal kezelt szolg\u00e1ltat\u00e1sok r\u00e9v\u00e9n) Sz\u00e1ll\u00e1shely Gyermekmeg\u0151rz\u0151 k\u00f6zpont Pihen\u0151szoba T\u00f6bbszintes [&hellip;]<\/p>","protected":false},"author":1,"featured_media":0,"parent":248,"menu_order":0,"comment_status":"closed","ping_status":"closed","template":"","meta":{"_seopress_robots_primary_cat":"","_seopress_titles_title":"","_seopress_titles_desc":"","_seopress_robots_index":"","footnotes":""},"class_list":["post-939","page","type-page","status-publish","hentry"],"_links":{"self":[{"href":"https:\/\/zsambeksciencepark.hu\/en\/wp-json\/wp\/v2\/pages\/939","targetHints":{"allow":["GET"]}}],"collection":[{"href":"https:\/\/zsambeksciencepark.hu\/en\/wp-json\/wp\/v2\/pages"}],"about":[{"href":"https:\/\/zsambeksciencepark.hu\/en\/wp-json\/wp\/v2\/types\/page"}],"author":[{"embeddable":true,"href":"https:\/\/zsambeksciencepark.hu\/en\/wp-json\/wp\/v2\/users\/1"}],"replies":[{"embeddable":true,"href":"https:\/\/zsambeksciencepark.hu\/en\/wp-json\/wp\/v2\/comments?post=939"}],"version-history":[{"count":4,"href":"https:\/\/zsambeksciencepark.hu\/en\/wp-json\/wp\/v2\/pages\/939\/revisions"}],"predecessor-version":[{"id":947,"href":"https:\/\/zsambeksciencepark.hu\/en\/wp-json\/wp\/v2\/pages\/939\/revisions\/947"}],"up":[{"embeddable":true,"href":"https:\/\/zsambeksciencepark.hu\/en\/wp-json\/wp\/v2\/pages\/248"}],"wp:attachment":[{"href":"https:\/\/zsambeksciencepark.hu\/en\/wp-json\/wp\/v2\/media?parent=939"}],"curies":[{"name":"wp","href":"https:\/\/api.w.org\/{rel}","templated":true}]}}