{"id":921,"date":"2025-06-30T10:54:07","date_gmt":"2025-06-30T10:54:07","guid":{"rendered":"https:\/\/zstip.2kwebdesign.hu\/?page_id=921"},"modified":"2025-07-04T12:58:23","modified_gmt":"2025-07-04T12:58:23","slug":"kfi-es-ku%cc%88lonbozo-innovacio-fokuszu-tevekenysegekhez-kapcsolodo-szolgaltatasok","status":"publish","type":"page","link":"https:\/\/zsambeksciencepark.hu\/en\/szolgaltatasok\/kfi-es-ku%cc%88lonbozo-innovacio-fokuszu-tevekenysegekhez-kapcsolodo-szolgaltatasok\/","title":{"rendered":"Services related to R&amp;D&amp;I and various innovation-focused activities"},"content":{"rendered":"<div data-elementor-type=\"wp-page\" data-elementor-id=\"921\" class=\"elementor elementor-921\" data-elementor-post-type=\"page\">\n\t\t\t\t<div class=\"elementor-element elementor-element-71ba28e e-flex e-con-boxed e-con e-parent\" data-id=\"71ba28e\" data-element_type=\"container\" data-settings=\"{&quot;background_background&quot;:&quot;classic&quot;}\">\n\t\t\t\t\t<div class=\"e-con-inner\">\n\t\t<div class=\"elementor-element elementor-element-269b11a e-flex e-con-boxed e-con e-child\" data-id=\"269b11a\" data-element_type=\"container\">\n\t\t\t\t\t<div class=\"e-con-inner\">\n\t\t<div class=\"elementor-element elementor-element-80a783a e-con-full e-flex e-con e-child\" data-id=\"80a783a\" data-element_type=\"container\">\n\t\t\t\t<\/div>\n\t\t<div class=\"elementor-element elementor-element-621b9f8 e-con-full e-flex e-con e-child\" data-id=\"621b9f8\" data-element_type=\"container\">\n\t\t\t\t<\/div>\n\t\t\t\t\t<\/div>\n\t\t\t\t<\/div>\n\t\t\t\t\t<\/div>\n\t\t\t\t<\/div>\n\t\t<div class=\"elementor-element elementor-element-d129d54 elementor-hidden-desktop elementor-hidden-tablet elementor-hidden-mobile e-flex e-con-boxed e-con e-parent\" data-id=\"d129d54\" data-element_type=\"container\">\n\t\t\t\t\t<div class=\"e-con-inner\">\n\t\t<div class=\"elementor-element elementor-element-8a5faca e-con-full e-flex e-con e-child\" data-id=\"8a5faca\" data-element_type=\"container\">\n\t\t\t\t<div class=\"elementor-element elementor-element-91f7ce7 elementor-nav-menu--dropdown-none elementor-widget elementor-widget-nav-menu\" data-id=\"91f7ce7\" data-element_type=\"widget\" data-settings=\"{&quot;layout&quot;:&quot;horizontal&quot;,&quot;submenu_icon&quot;:{&quot;value&quot;:&quot;&lt;svg class=\\&quot;e-font-icon-svg e-fas-caret-down\\&quot; viewBox=\\&quot;0 0 320 512\\&quot; xmlns=\\&quot;http:\\\/\\\/www.w3.org\\\/2000\\\/svg\\&quot;&gt;&lt;path d=\\&quot;M31.3 192h257.3c17.8 0 26.7 21.5 14.1 34.1L174.1 354.8c-7.8 7.8-20.5 7.8-28.3 0L17.2 226.1C4.6 213.5 13.5 192 31.3 192z\\&quot;&gt;&lt;\\\/path&gt;&lt;\\\/svg&gt;&quot;,&quot;library&quot;:&quot;fa-solid&quot;}}\" data-widget_type=\"nav-menu.default\">\n\t\t\t\t<div class=\"elementor-widget-container\">\n\t\t\t\t\t\t\t\t<nav aria-label=\"Menu\" class=\"elementor-nav-menu--main elementor-nav-menu__container elementor-nav-menu--layout-horizontal e--pointer-underline e--animation-fade\">\n\t\t\t\t<ul id=\"menu-1-91f7ce7\" class=\"elementor-nav-menu\"><li class=\"menu-item menu-item-type-post_type menu-item-object-page menu-item-927\"><a href=\"https:\/\/zsambeksciencepark.hu\/en\/szolgaltatasok\/kfi-es-ku%cc%88lonbozo-innovacio-fokuszu-tevekenysegekhez-kapcsolodo-szolgaltatasok\/\" class=\"elementor-item\">Services related to R&amp;D&amp;I and various innovation-focused activities<\/a><\/li>\n<li class=\"menu-item menu-item-type-post_type menu-item-object-page menu-item-941\"><a href=\"https:\/\/zsambeksciencepark.hu\/en\/szolgaltatasok\/infrastrukturahoz-kapcsolodo-szolgaltatasok\/\" class=\"elementor-item\">Infrastructure-related services<\/a><\/li>\n<li class=\"menu-item menu-item-type-post_type menu-item-object-page menu-item-956\"><a href=\"https:\/\/zsambeksciencepark.hu\/en\/szolgaltatasok\/uzleti-szolgaltatasok\/\" class=\"elementor-item\">Business services<\/a><\/li>\n<\/ul>\t\t\t<\/nav>\n\t\t\t\t\t\t<nav class=\"elementor-nav-menu--dropdown elementor-nav-menu__container\" aria-hidden=\"true\">\n\t\t\t\t<ul id=\"menu-2-91f7ce7\" class=\"elementor-nav-menu\"><li class=\"menu-item menu-item-type-post_type menu-item-object-page menu-item-927\"><a href=\"https:\/\/zsambeksciencepark.hu\/en\/szolgaltatasok\/kfi-es-ku%cc%88lonbozo-innovacio-fokuszu-tevekenysegekhez-kapcsolodo-szolgaltatasok\/\" class=\"elementor-item\" tabindex=\"-1\">Services related to R&amp;D&amp;I and various innovation-focused activities<\/a><\/li>\n<li class=\"menu-item menu-item-type-post_type menu-item-object-page menu-item-941\"><a href=\"https:\/\/zsambeksciencepark.hu\/en\/szolgaltatasok\/infrastrukturahoz-kapcsolodo-szolgaltatasok\/\" class=\"elementor-item\" tabindex=\"-1\">Infrastructure-related services<\/a><\/li>\n<li class=\"menu-item menu-item-type-post_type menu-item-object-page menu-item-956\"><a href=\"https:\/\/zsambeksciencepark.hu\/en\/szolgaltatasok\/uzleti-szolgaltatasok\/\" class=\"elementor-item\" tabindex=\"-1\">Business services<\/a><\/li>\n<\/ul>\t\t\t<\/nav>\n\t\t\t\t\t\t<\/div>\n\t\t\t\t<\/div>\n\t\t\t\t<\/div>\n\t\t\t\t\t<\/div>\n\t\t\t\t<\/div>\n\t\t<div class=\"elementor-element elementor-element-7573769 e-flex e-con-boxed e-con e-parent\" data-id=\"7573769\" data-element_type=\"container\">\n\t\t\t\t\t<div class=\"e-con-inner\">\n\t\t<div class=\"elementor-element elementor-element-c1fda82 e-con-full e-flex e-con e-child\" data-id=\"c1fda82\" data-element_type=\"container\">\n\t\t\t\t<div class=\"elementor-element elementor-element-2f3032c elementor-widget elementor-widget-text-editor\" data-id=\"2f3032c\" data-element_type=\"widget\" data-widget_type=\"text-editor.default\">\n\t\t\t\t<div class=\"elementor-widget-container\">\n\t\t\t\t\t\t\t\t\t<p><strong>Services related to R&amp;D&amp;I and various innovation-focused activities<\/strong><\/p><ul><li style=\"list-style-type: none;\"><ul><li>Rental of specialized lab and infrastructure capacity<\/li><li>Provision of specialists\/laboratory human resources (capacity allocation)<\/li><li>Testing and validating research results<\/li><li>Providing the infrastructure necessary for prototype production, prototype production<\/li><li>Research-specific services: result products, facilitation of various certification processes; e.g. CE, \u00c9MI, etc.<\/li><li>Review of medical devices for compliance with regulations, e.g. MDR 2017\/745 EU and IVDR 2017\/746 EU, NIS2, etc.<\/li><li>Cybersecurity service<\/li><li>Cybersecurity Certification and Testing Unit<\/li><li>Security Operation Center (SOC) research, development and service unit<\/li><li>Cybersecurity lab, training center<\/li><li>Prototyping services<\/li><li>Scientific and technical advice for the compilation of technical documentation<\/li><li>Compilation of technical documentation<\/li><li>Prepare cybersecurity, packaging integrity, biocompatibility, and electromagnetic compatibility test plans and tests in accordance with relevant standards<\/li><li>Product-level validation of active-passive systems with innovative simulation tools in the Building and Urban Climate Laboratory<\/li><li>Complex testing of composite building materials that replace prefabricated, sustainable and traditional structures<\/li><li>Production of test phantoms, models, and small-scale production<\/li><li>Design and testing of virtual models in virtual space<\/li><li>Small-scale sample production of sample products through standards<\/li><li>Developing market utilization of mature products<\/li><li>Preparation of a clinical trial and clinical follow-up plan in accordance with relevant standards<\/li><li>Operating a clinical follow-up registry that complies with relevant standards<\/li><li>Management service for startup companies<\/li><li>Lab and office rental for startup companies<\/li><li>Industrial law and knowledge utilization services for startup companies<\/li><li>Offering specialized training or continuing education courses for students\/educators\/industry professionals<\/li><\/ul><\/li><\/ul>\t\t\t\t\t\t\t\t<\/div>\n\t\t\t\t<\/div>\n\t\t\t\t<div class=\"elementor-element elementor-element-791202b elementor-align-center elementor-widget elementor-widget-button\" data-id=\"791202b\" data-element_type=\"widget\" data-widget_type=\"button.default\">\n\t\t\t\t<div class=\"elementor-widget-container\">\n\t\t\t\t\t\t\t\t\t<div class=\"elementor-button-wrapper\">\n\t\t\t\t\t<a class=\"elementor-button elementor-button-link elementor-size-sm\" href=\"\/en\/csatlakozas\/?egyuttmukodes=Szolg\u00e1ltat\u00e1sok&#038;szolgaltatas_megnevezese=K+F+I-\u00e9s-ku\u0308l\u00f6nb\u00f6z\u0151-innov\u00e1ci\u00f3-f\u00f3kusz\u00fa-tev\u00e9kenys\u00e9gekhez-kapcsol\u00f3d\u00f3-szolg\u00e1ltat\u00e1sok\">\n\t\t\t\t\t\t<span class=\"elementor-button-content-wrapper\">\n\t\t\t\t\t\t\t\t\t<span class=\"elementor-button-text\">Interested<\/span>\n\t\t\t\t\t<\/span>\n\t\t\t\t\t<\/a>\n\t\t\t\t<\/div>\n\t\t\t\t\t\t\t\t<\/div>\n\t\t\t\t<\/div>\n\t\t\t\t<\/div>\n\t\t\t\t\t<\/div>\n\t\t\t\t<\/div>\n\t\t<div class=\"elementor-element elementor-element-8428a44 e-flex e-con-boxed e-con e-parent\" data-id=\"8428a44\" data-element_type=\"container\">\n\t\t\t\t\t<div class=\"e-con-inner\">\n\t\t\t\t<div class=\"elementor-element elementor-element-819df68 elementor-widget elementor-widget-spacer\" data-id=\"819df68\" data-element_type=\"widget\" data-widget_type=\"spacer.default\">\n\t\t\t\t<div class=\"elementor-widget-container\">\n\t\t\t\t\t\t\t<div class=\"elementor-spacer\">\n\t\t\t<div class=\"elementor-spacer-inner\"><\/div>\n\t\t<\/div>\n\t\t\t\t\t\t<\/div>\n\t\t\t\t<\/div>\n\t\t\t\t\t<\/div>\n\t\t\t\t<\/div>\n\t\t\t\t<\/div>","protected":false},"excerpt":{"rendered":"<p>K+F+I \u00e9s k\u00fcl\u00f6nb\u00f6z\u0151 innov\u00e1ci\u00f3 f\u00f3kusz\u00fa tev\u00e9kenys\u00e9gekhez kapcsol\u00f3d\u00f3 szolg\u00e1ltat\u00e1sok Speci\u00e1lis labor \u00e9s infrastrukt\u00fara kapacit\u00e1s b\u00e9rbead\u00e1sa Szakemberek\/laborat\u00f3riumi hum\u00e1ner\u0151forr\u00e1s biztos\u00edt\u00e1sa (kapacit\u00e1s kijel\u00f6l\u00e9s) Kutat\u00e1si eredm\u00e9nyek tesztel\u00e9se, valid\u00e1l\u00e1sa Protot\u00edpus el\u0151\u00e1ll\u00edt\u00e1s\u00e1hoz sz\u00fcks\u00e9ges infrastrukt\u00fara biztos\u00edt\u00e1sa, protot\u00edpus el\u0151\u00e1ll\u00edt\u00e1sa Kutat\u00e1specifikus szolg\u00e1ltat\u00e1sok: eredm\u00e9nyterm\u00e9kek, k\u00fcl\u00f6nb\u00f6z\u0151 tan\u00fas\u00edt\u00e1si folyamatok el\u0151seg\u00edt\u00e9se; pl.: CE, \u00c9MI stb. Orvostechnikai eszk\u00f6z\u00f6k fel\u00fclvizsg\u00e1lata az el\u0151\u00edr\u00e1soknak val\u00f3 megfelel\u00e9s \u00e9rdek\u00e9ben, pl.: MDR 2017\/745 EU \u00e9s IVDR [&hellip;]<\/p>","protected":false},"author":1,"featured_media":0,"parent":248,"menu_order":0,"comment_status":"closed","ping_status":"closed","template":"","meta":{"_seopress_robots_primary_cat":"","_seopress_titles_title":"","_seopress_titles_desc":"","_seopress_robots_index":"","footnotes":""},"class_list":["post-921","page","type-page","status-publish","hentry"],"_links":{"self":[{"href":"https:\/\/zsambeksciencepark.hu\/en\/wp-json\/wp\/v2\/pages\/921","targetHints":{"allow":["GET"]}}],"collection":[{"href":"https:\/\/zsambeksciencepark.hu\/en\/wp-json\/wp\/v2\/pages"}],"about":[{"href":"https:\/\/zsambeksciencepark.hu\/en\/wp-json\/wp\/v2\/types\/page"}],"author":[{"embeddable":true,"href":"https:\/\/zsambeksciencepark.hu\/en\/wp-json\/wp\/v2\/users\/1"}],"replies":[{"embeddable":true,"href":"https:\/\/zsambeksciencepark.hu\/en\/wp-json\/wp\/v2\/comments?post=921"}],"version-history":[{"count":23,"href":"https:\/\/zsambeksciencepark.hu\/en\/wp-json\/wp\/v2\/pages\/921\/revisions"}],"predecessor-version":[{"id":1140,"href":"https:\/\/zsambeksciencepark.hu\/en\/wp-json\/wp\/v2\/pages\/921\/revisions\/1140"}],"up":[{"embeddable":true,"href":"https:\/\/zsambeksciencepark.hu\/en\/wp-json\/wp\/v2\/pages\/248"}],"wp:attachment":[{"href":"https:\/\/zsambeksciencepark.hu\/en\/wp-json\/wp\/v2\/media?parent=921"}],"curies":[{"name":"wp","href":"https:\/\/api.w.org\/{rel}","templated":true}]}}