{"id":651,"date":"2025-06-23T09:22:06","date_gmt":"2025-06-23T09:22:06","guid":{"rendered":"https:\/\/zstip.2kwebdesign.hu\/?page_id=651"},"modified":"2025-07-23T13:57:29","modified_gmt":"2025-07-23T13:57:29","slug":"hirek","status":"publish","type":"page","link":"https:\/\/zsambeksciencepark.hu\/en\/hirek\/","title":{"rendered":"News"},"content":{"rendered":"<div data-elementor-type=\"wp-page\" data-elementor-id=\"651\" class=\"elementor elementor-651\" data-elementor-post-type=\"page\">\n\t\t\t\t<div class=\"elementor-element elementor-element-9c07fad e-flex e-con-boxed e-con e-parent\" data-id=\"9c07fad\" data-element_type=\"container\" data-settings=\"{&quot;background_background&quot;:&quot;classic&quot;}\">\n\t\t\t\t\t<div class=\"e-con-inner\">\n\t\t<div class=\"elementor-element elementor-element-e31c0bc e-flex e-con-boxed e-con e-child\" data-id=\"e31c0bc\" data-element_type=\"container\">\n\t\t\t\t\t<div class=\"e-con-inner\">\n\t\t<div class=\"elementor-element elementor-element-aa7637a e-con-full e-flex e-con e-child\" data-id=\"aa7637a\" data-element_type=\"container\">\n\t\t\t\t<\/div>\n\t\t<div class=\"elementor-element elementor-element-9a48d9f e-con-full e-flex e-con e-child\" data-id=\"9a48d9f\" data-element_type=\"container\">\n\t\t\t\t<\/div>\n\t\t\t\t\t<\/div>\n\t\t\t\t<\/div>\n\t\t\t\t\t<\/div>\n\t\t\t\t<\/div>\n\t\t<div class=\"elementor-element elementor-element-6a2aff1b e-flex e-con-boxed e-con e-parent\" data-id=\"6a2aff1b\" data-element_type=\"container\">\n\t\t\t\t\t<div class=\"e-con-inner\">\n\t\t\t\t<div class=\"elementor-element elementor-element-da59f94 elementor-grid-3 elementor-grid-tablet-2 elementor-grid-mobile-1 elementor-posts--thumbnail-top elementor-widget elementor-widget-posts\" data-id=\"da59f94\" data-element_type=\"widget\" data-settings=\"{&quot;pagination_type&quot;:&quot;numbers_and_prev_next&quot;,&quot;classic_columns&quot;:&quot;3&quot;,&quot;classic_columns_tablet&quot;:&quot;2&quot;,&quot;classic_columns_mobile&quot;:&quot;1&quot;,&quot;classic_row_gap&quot;:{&quot;unit&quot;:&quot;px&quot;,&quot;size&quot;:35,&quot;sizes&quot;:[]},&quot;classic_row_gap_tablet&quot;:{&quot;unit&quot;:&quot;px&quot;,&quot;size&quot;:&quot;&quot;,&quot;sizes&quot;:[]},&quot;classic_row_gap_mobile&quot;:{&quot;unit&quot;:&quot;px&quot;,&quot;size&quot;:&quot;&quot;,&quot;sizes&quot;:[]}}\" data-widget_type=\"posts.classic\">\n\t\t\t\t<div class=\"elementor-widget-container\">\n\t\t\t\t\t\t\t<div class=\"elementor-posts-container elementor-posts elementor-posts--skin-classic elementor-grid\">\n\t\t\t\t<article class=\"elementor-post elementor-grid-item post-1648 post type-post status-publish format-standard has-post-thumbnail hentry category-uncategorized\">\n\t\t\t\t<a class=\"elementor-post__thumbnail__link\" href=\"https:\/\/zsambeksciencepark.hu\/en\/webinarok-a-cr-eu-in-heritage-palyazati-felhivasrol\/\" tabindex=\"-1\" >\n\t\t\t<div class=\"elementor-post__thumbnail\"><img alt=\"\" fetchpriority=\"high\" decoding=\"async\" width=\"1920\" height=\"1080\" src=\"https:\/\/zsambeksciencepark.hu\/wp-content\/uploads\/2026\/03\/kep-15.png\" class=\"attachment-full size-full wp-image-1651\" srcset=\"https:\/\/zsambeksciencepark.hu\/wp-content\/uploads\/2026\/03\/kep-15.png 1920w, https:\/\/zsambeksciencepark.hu\/wp-content\/uploads\/2026\/03\/kep-15-300x169.png 300w, https:\/\/zsambeksciencepark.hu\/wp-content\/uploads\/2026\/03\/kep-15-1024x576.png 1024w, https:\/\/zsambeksciencepark.hu\/wp-content\/uploads\/2026\/03\/kep-15-768x432.png 768w, https:\/\/zsambeksciencepark.hu\/wp-content\/uploads\/2026\/03\/kep-15-1536x864.png 1536w, https:\/\/zsambeksciencepark.hu\/wp-content\/uploads\/2026\/03\/kep-15-18x10.png 18w\" sizes=\"(max-width: 1920px) 100vw, 1920px\" \/><\/div>\n\t\t<\/a>\n\t\t\t\t<div class=\"elementor-post__text\">\n\t\t\t\t<h3 class=\"elementor-post__title\">\n\t\t\t<a href=\"https:\/\/zsambeksciencepark.hu\/en\/webinarok-a-cr-eu-in-heritage-palyazati-felhivasrol\/\" >\n\t\t\t\tWebinars on the CR.EU.IN. HERITAGE call for proposals\t\t\t<\/a>\n\t\t<\/h3>\n\t\t\t\t<div class=\"elementor-post__meta-data\">\n\t\t\t\t\t<span class=\"elementor-post-date\">\n\t\t\tMarch 9, 2026\t\t<\/span>\n\t\t\t\t<\/div>\n\t\t\t\t<div class=\"elementor-post__excerpt\">\n\t\t\t<p>In March, interested parties will be able to learn about the details of the CR.EU.IN. HERITAGE call for proposals and the application options in two online webinars. The online<\/p>\n\t\t<\/div>\n\t\t\n\t\t<a class=\"elementor-post__read-more\" href=\"https:\/\/zsambeksciencepark.hu\/en\/webinarok-a-cr-eu-in-heritage-palyazati-felhivasrol\/\" aria-label=\"Read more about Webinars on the CR.EU.IN. HERITAGE call for proposals\" tabindex=\"-1\" >\n\t\t\tI will read \u00bb\t\t<\/a>\n\n\t\t\t\t<\/div>\n\t\t\t\t<\/article>\n\t\t\t\t<article class=\"elementor-post elementor-grid-item post-1640 post type-post status-publish format-standard has-post-thumbnail hentry category-uncategorized\">\n\t\t\t\t<a class=\"elementor-post__thumbnail__link\" href=\"https:\/\/zsambeksciencepark.hu\/en\/az-informatikai-kepzes-atalakulasa-mi-var-a-jovo-szakembereire-az-mi-koraban\/\" tabindex=\"-1\" >\n\t\t\t<div class=\"elementor-post__thumbnail\"><img alt=\"\" decoding=\"async\" width=\"1024\" height=\"1024\" src=\"https:\/\/zsambeksciencepark.hu\/wp-content\/uploads\/2026\/01\/tengrai_image_1769080906_1561487.png\" class=\"attachment-full size-full wp-image-1643\" srcset=\"https:\/\/zsambeksciencepark.hu\/wp-content\/uploads\/2026\/01\/tengrai_image_1769080906_1561487.png 1024w, https:\/\/zsambeksciencepark.hu\/wp-content\/uploads\/2026\/01\/tengrai_image_1769080906_1561487-300x300.png 300w, https:\/\/zsambeksciencepark.hu\/wp-content\/uploads\/2026\/01\/tengrai_image_1769080906_1561487-150x150.png 150w, https:\/\/zsambeksciencepark.hu\/wp-content\/uploads\/2026\/01\/tengrai_image_1769080906_1561487-768x768.png 768w, https:\/\/zsambeksciencepark.hu\/wp-content\/uploads\/2026\/01\/tengrai_image_1769080906_1561487-12x12.png 12w\" sizes=\"(max-width: 1024px) 100vw, 1024px\" \/><\/div>\n\t\t<\/a>\n\t\t\t\t<div class=\"elementor-post__text\">\n\t\t\t\t<h3 class=\"elementor-post__title\">\n\t\t\t<a href=\"https:\/\/zsambeksciencepark.hu\/en\/az-informatikai-kepzes-atalakulasa-mi-var-a-jovo-szakembereire-az-mi-koraban\/\" >\n\t\t\t\tThe transformation of IT training: what awaits future professionals in the age of AI?\t\t\t<\/a>\n\t\t<\/h3>\n\t\t\t\t<div class=\"elementor-post__meta-data\">\n\t\t\t\t\t<span class=\"elementor-post-date\">\n\t\t\tJanuary 22, 2026\t\t<\/span>\n\t\t\t\t<\/div>\n\t\t\t\t<div class=\"elementor-post__excerpt\">\n\t\t\t<p>Gy\u00f6rgy Eigner, Neumann Professor at \u00d3buda University, spoke about the challenges facing IT education and the impact of artificial intelligence on higher education.<\/p>\n\t\t<\/div>\n\t\t\n\t\t<a class=\"elementor-post__read-more\" href=\"https:\/\/zsambeksciencepark.hu\/en\/az-informatikai-kepzes-atalakulasa-mi-var-a-jovo-szakembereire-az-mi-koraban\/\" aria-label=\"Read more about The transformation of IT training: what awaits future professionals in the age of AI?\" tabindex=\"-1\" >\n\t\t\tI will read \u00bb\t\t<\/a>\n\n\t\t\t\t<\/div>\n\t\t\t\t<\/article>\n\t\t\t\t<article class=\"elementor-post elementor-grid-item post-1634 post type-post status-publish format-standard has-post-thumbnail hentry category-uncategorized\">\n\t\t\t\t<a class=\"elementor-post__thumbnail__link\" href=\"https:\/\/zsambeksciencepark.hu\/en\/audit-allo-nis2-megfeleles-a-gyakorlatban-szakmai-workshop\/\" tabindex=\"-1\" >\n\t\t\t<div class=\"elementor-post__thumbnail\"><img alt=\"\" decoding=\"async\" width=\"853\" height=\"290\" src=\"https:\/\/zsambeksciencepark.hu\/wp-content\/uploads\/2025\/07\/cropped-mkk_hu_logo01-1.png\" class=\"attachment-full size-full wp-image-1175\" srcset=\"https:\/\/zsambeksciencepark.hu\/wp-content\/uploads\/2025\/07\/cropped-mkk_hu_logo01-1.png 853w, https:\/\/zsambeksciencepark.hu\/wp-content\/uploads\/2025\/07\/cropped-mkk_hu_logo01-1-300x102.png 300w, https:\/\/zsambeksciencepark.hu\/wp-content\/uploads\/2025\/07\/cropped-mkk_hu_logo01-1-768x261.png 768w, https:\/\/zsambeksciencepark.hu\/wp-content\/uploads\/2025\/07\/cropped-mkk_hu_logo01-1-18x6.png 18w\" sizes=\"(max-width: 853px) 100vw, 853px\" \/><\/div>\n\t\t<\/a>\n\t\t\t\t<div class=\"elementor-post__text\">\n\t\t\t\t<h3 class=\"elementor-post__title\">\n\t\t\t<a href=\"https:\/\/zsambeksciencepark.hu\/en\/audit-allo-nis2-megfeleles-a-gyakorlatban-szakmai-workshop\/\" >\n\t\t\t\tAudit-proof NIS2: compliance in practice \u2013 professional workshop\t\t\t<\/a>\n\t\t<\/h3>\n\t\t\t\t<div class=\"elementor-post__meta-data\">\n\t\t\t\t\t<span class=\"elementor-post-date\">\n\t\t\tJanuary 20, 2026\t\t<\/span>\n\t\t\t\t<\/div>\n\t\t\t\t<div class=\"elementor-post__excerpt\">\n\t\t\t<p>On January 22, 2026, a professional workshop will take place at the John von Neumann Faculty of Informatics of \u00d3buda University, focusing on the practical implementation of the NIS2 directive.<\/p>\n\t\t<\/div>\n\t\t\n\t\t<a class=\"elementor-post__read-more\" href=\"https:\/\/zsambeksciencepark.hu\/en\/audit-allo-nis2-megfeleles-a-gyakorlatban-szakmai-workshop\/\" aria-label=\"Read more about Audit-proof NIS2: compliance in practice \u2013 professional workshop\" tabindex=\"-1\" >\n\t\t\tI will read \u00bb\t\t<\/a>\n\n\t\t\t\t<\/div>\n\t\t\t\t<\/article>\n\t\t\t\t<article class=\"elementor-post elementor-grid-item post-1628 post type-post status-publish format-standard has-post-thumbnail hentry category-uncategorized\">\n\t\t\t\t<a class=\"elementor-post__thumbnail__link\" href=\"https:\/\/zsambeksciencepark.hu\/en\/fenntarthato-karacsony-a-jovoipar-jegyeben\/\" tabindex=\"-1\" >\n\t\t\t<div class=\"elementor-post__thumbnail\"><img alt=\"\" loading=\"lazy\" decoding=\"async\" width=\"1024\" height=\"1024\" src=\"https:\/\/zsambeksciencepark.hu\/wp-content\/uploads\/2025\/12\/tengrai_image_1766068491_9543734.png\" class=\"attachment-full size-full wp-image-1631\" srcset=\"https:\/\/zsambeksciencepark.hu\/wp-content\/uploads\/2025\/12\/tengrai_image_1766068491_9543734.png 1024w, https:\/\/zsambeksciencepark.hu\/wp-content\/uploads\/2025\/12\/tengrai_image_1766068491_9543734-300x300.png 300w, https:\/\/zsambeksciencepark.hu\/wp-content\/uploads\/2025\/12\/tengrai_image_1766068491_9543734-150x150.png 150w, https:\/\/zsambeksciencepark.hu\/wp-content\/uploads\/2025\/12\/tengrai_image_1766068491_9543734-768x768.png 768w, https:\/\/zsambeksciencepark.hu\/wp-content\/uploads\/2025\/12\/tengrai_image_1766068491_9543734-12x12.png 12w\" sizes=\"(max-width: 1024px) 100vw, 1024px\" \/><\/div>\n\t\t<\/a>\n\t\t\t\t<div class=\"elementor-post__text\">\n\t\t\t\t<h3 class=\"elementor-post__title\">\n\t\t\t<a href=\"https:\/\/zsambeksciencepark.hu\/en\/fenntarthato-karacsony-a-jovoipar-jegyeben\/\" >\n\t\t\t\tSustainable Christmas in the spirit of the industry of the future\t\t\t<\/a>\n\t\t<\/h3>\n\t\t\t\t<div class=\"elementor-post__meta-data\">\n\t\t\t\t\t<span class=\"elementor-post-date\">\n\t\t\tDecember 19, 2025\t\t<\/span>\n\t\t\t\t<\/div>\n\t\t\t\t<div class=\"elementor-post__excerpt\">\n\t\t\t<p>As Christmas approaches, more and more of us are thinking about how we can make the holiday season more sustainable and conscious. It&#039;s not just about<\/p>\n\t\t<\/div>\n\t\t\n\t\t<a class=\"elementor-post__read-more\" href=\"https:\/\/zsambeksciencepark.hu\/en\/fenntarthato-karacsony-a-jovoipar-jegyeben\/\" aria-label=\"Read more about Sustainable Christmas in the spirit of the industry of the future\" tabindex=\"-1\" >\n\t\t\tI will read \u00bb\t\t<\/a>\n\n\t\t\t\t<\/div>\n\t\t\t\t<\/article>\n\t\t\t\t<article class=\"elementor-post elementor-grid-item post-1622 post type-post status-publish format-standard has-post-thumbnail hentry category-uncategorized\">\n\t\t\t\t<a class=\"elementor-post__thumbnail__link\" href=\"https:\/\/zsambeksciencepark.hu\/en\/mesterseges-intelligencia-az-eletunkben-lehetosegek-es-kihivasok\/\" tabindex=\"-1\" >\n\t\t\t<div class=\"elementor-post__thumbnail\"><img alt=\"\" loading=\"lazy\" decoding=\"async\" width=\"960\" height=\"960\" src=\"https:\/\/zsambeksciencepark.hu\/wp-content\/uploads\/2025\/12\/ZSTIP-kep.png\" class=\"attachment-full size-full wp-image-1625\" srcset=\"https:\/\/zsambeksciencepark.hu\/wp-content\/uploads\/2025\/12\/ZSTIP-kep.png 960w, https:\/\/zsambeksciencepark.hu\/wp-content\/uploads\/2025\/12\/ZSTIP-kep-300x300.png 300w, https:\/\/zsambeksciencepark.hu\/wp-content\/uploads\/2025\/12\/ZSTIP-kep-150x150.png 150w, https:\/\/zsambeksciencepark.hu\/wp-content\/uploads\/2025\/12\/ZSTIP-kep-768x768.png 768w, https:\/\/zsambeksciencepark.hu\/wp-content\/uploads\/2025\/12\/ZSTIP-kep-12x12.png 12w\" sizes=\"(max-width: 960px) 100vw, 960px\" \/><\/div>\n\t\t<\/a>\n\t\t\t\t<div class=\"elementor-post__text\">\n\t\t\t\t<h3 class=\"elementor-post__title\">\n\t\t\t<a href=\"https:\/\/zsambeksciencepark.hu\/en\/mesterseges-intelligencia-az-eletunkben-lehetosegek-es-kihivasok\/\" >\n\t\t\t\tArtificial intelligence in our lives \u2014 opportunities and challenges\t\t\t<\/a>\n\t\t<\/h3>\n\t\t\t\t<div class=\"elementor-post__meta-data\">\n\t\t\t\t\t<span class=\"elementor-post-date\">\n\t\t\tDecember 5, 2025\t\t<\/span>\n\t\t\t\t<\/div>\n\t\t\t\t<div class=\"elementor-post__excerpt\">\n\t\t\t<p>Artificial intelligence, or AI for short, has now become an insidious part of our everyday lives. We use it when a navigation app plans a route, when social media<\/p>\n\t\t<\/div>\n\t\t\n\t\t<a class=\"elementor-post__read-more\" href=\"https:\/\/zsambeksciencepark.hu\/en\/mesterseges-intelligencia-az-eletunkben-lehetosegek-es-kihivasok\/\" aria-label=\"Read more about Artificial Intelligence in Our Lives \u2014 Opportunities and Challenges\" tabindex=\"-1\" >\n\t\t\tI will read \u00bb\t\t<\/a>\n\n\t\t\t\t<\/div>\n\t\t\t\t<\/article>\n\t\t\t\t<article class=\"elementor-post elementor-grid-item post-1616 post type-post status-publish format-standard has-post-thumbnail hentry category-uncategorized\">\n\t\t\t\t<a class=\"elementor-post__thumbnail__link\" href=\"https:\/\/zsambeksciencepark.hu\/en\/egyetem-napja-2025-unnep-es-tudomany-kez-a-kezben\/\" tabindex=\"-1\" >\n\t\t\t<div class=\"elementor-post__thumbnail\"><img alt=\"\" loading=\"lazy\" decoding=\"async\" width=\"2560\" height=\"1135\" src=\"https:\/\/zsambeksciencepark.hu\/wp-content\/uploads\/2025\/05\/OE_jubileumok_eve-scaled.png\" class=\"attachment-full size-full wp-image-31\" srcset=\"https:\/\/zsambeksciencepark.hu\/wp-content\/uploads\/2025\/05\/OE_jubileumok_eve-scaled.png 2560w, https:\/\/zsambeksciencepark.hu\/wp-content\/uploads\/2025\/05\/OE_jubileumok_eve-300x133.png 300w, https:\/\/zsambeksciencepark.hu\/wp-content\/uploads\/2025\/05\/OE_jubileumok_eve-1024x454.png 1024w, https:\/\/zsambeksciencepark.hu\/wp-content\/uploads\/2025\/05\/OE_jubileumok_eve-768x341.png 768w, https:\/\/zsambeksciencepark.hu\/wp-content\/uploads\/2025\/05\/OE_jubileumok_eve-1536x681.png 1536w, https:\/\/zsambeksciencepark.hu\/wp-content\/uploads\/2025\/05\/OE_jubileumok_eve-2048x908.png 2048w\" sizes=\"(max-width: 2560px) 100vw, 2560px\" \/><\/div>\n\t\t<\/a>\n\t\t\t\t<div class=\"elementor-post__text\">\n\t\t\t\t<h3 class=\"elementor-post__title\">\n\t\t\t<a href=\"https:\/\/zsambeksciencepark.hu\/en\/egyetem-napja-2025-unnep-es-tudomany-kez-a-kezben\/\" >\n\t\t\t\tUniversity Day 2025 \u2013 celebration and science hand in hand\t\t\t<\/a>\n\t\t<\/h3>\n\t\t\t\t<div class=\"elementor-post__meta-data\">\n\t\t\t\t\t<span class=\"elementor-post-date\">\n\t\t\tOctober 31, 2025\t\t<\/span>\n\t\t\t\t<\/div>\n\t\t\t\t<div class=\"elementor-post__excerpt\">\n\t\t\t<p>The University Day celebration will be held again on November 20\u201321, 2025 at \u00d3buda University. The event is one of the institution&#039;s most significant and<\/p>\n\t\t<\/div>\n\t\t\n\t\t<a class=\"elementor-post__read-more\" href=\"https:\/\/zsambeksciencepark.hu\/en\/egyetem-napja-2025-unnep-es-tudomany-kez-a-kezben\/\" aria-label=\"Read more about University Day 2025 \u2013 celebration and science hand in hand\" tabindex=\"-1\" >\n\t\t\tI will read \u00bb\t\t<\/a>\n\n\t\t\t\t<\/div>\n\t\t\t\t<\/article>\n\t\t\t\t<\/div>\n\t\t\n\t\t\t\t<div class=\"e-load-more-anchor\" data-page=\"1\" data-max-page=\"8\" data-next-page=\"https:\/\/zsambeksciencepark.hu\/en\/wp-json\/wp\/v2\/pages\/651\/page\/2\/\"><\/div>\n\t\t\t\t<nav class=\"elementor-pagination\" aria-label=\"Pagination\">\n\t\t\t<span class=\"page-numbers prev\">\u2190 Previous<\/span>\n<span aria-current=\"page\" class=\"page-numbers current\"><span class=\"elementor-screen-only\">Page<\/span>1<\/span>\n<a class=\"page-numbers\" href=\"https:\/\/zsambeksciencepark.hu\/en\/wp-json\/wp\/v2\/pages\/651\/page\/2\/\"><span class=\"elementor-screen-only\">Page<\/span>2<\/a>\n<a class=\"page-numbers\" href=\"https:\/\/zsambeksciencepark.hu\/en\/wp-json\/wp\/v2\/pages\/651\/page\/3\/\"><span class=\"elementor-screen-only\">Page<\/span>3<\/a>\n<a class=\"page-numbers\" href=\"https:\/\/zsambeksciencepark.hu\/en\/wp-json\/wp\/v2\/pages\/651\/page\/4\/\"><span class=\"elementor-screen-only\">Page<\/span>4<\/a>\n<a class=\"page-numbers\" href=\"https:\/\/zsambeksciencepark.hu\/en\/wp-json\/wp\/v2\/pages\/651\/page\/5\/\"><span class=\"elementor-screen-only\">Page<\/span>5<\/a>\n<a class=\"page-numbers\" href=\"https:\/\/zsambeksciencepark.hu\/en\/wp-json\/wp\/v2\/pages\/651\/page\/6\/\"><span class=\"elementor-screen-only\">Page<\/span>6<\/a>\n<a class=\"page-numbers\" href=\"https:\/\/zsambeksciencepark.hu\/en\/wp-json\/wp\/v2\/pages\/651\/page\/7\/\"><span class=\"elementor-screen-only\">Page<\/span>7<\/a>\n<a class=\"page-numbers\" href=\"https:\/\/zsambeksciencepark.hu\/en\/wp-json\/wp\/v2\/pages\/651\/page\/8\/\"><span class=\"elementor-screen-only\">Page<\/span>8<\/a>\n<a class=\"page-numbers next\" href=\"https:\/\/zsambeksciencepark.hu\/en\/wp-json\/wp\/v2\/pages\/651\/page\/2\/\">Next \u2192<\/a>\t\t<\/nav>\n\t\t\t\t\t\t<\/div>\n\t\t\t\t<\/div>\n\t\t\t\t\t<\/div>\n\t\t\t\t<\/div>\n\t\t\t\t<\/div>","protected":false},"excerpt":{"rendered":"","protected":false},"author":1,"featured_media":0,"parent":0,"menu_order":0,"comment_status":"closed","ping_status":"closed","template":"","meta":{"_seopress_robots_primary_cat":"","_seopress_titles_title":"","_seopress_titles_desc":"Friss h\u00edrek, esem\u00e9nyek \u00e9s \u00fajdons\u00e1gok a Zs\u00e1mb\u00e9ki Tudom\u00e1nyos \u00e9s Innov\u00e1ci\u00f3s Parkb\u00f3l. K\u00f6vesse figyelemmel a technol\u00f3giai fejleszt\u00e9seket, innov\u00e1ci\u00f3s projekteket \u00e9s egy\u00fcttm\u0171k\u00f6d\u00e9seket!","_seopress_robots_index":"","footnotes":""},"class_list":["post-651","page","type-page","status-publish","hentry"],"_links":{"self":[{"href":"https:\/\/zsambeksciencepark.hu\/en\/wp-json\/wp\/v2\/pages\/651","targetHints":{"allow":["GET"]}}],"collection":[{"href":"https:\/\/zsambeksciencepark.hu\/en\/wp-json\/wp\/v2\/pages"}],"about":[{"href":"https:\/\/zsambeksciencepark.hu\/en\/wp-json\/wp\/v2\/types\/page"}],"author":[{"embeddable":true,"href":"https:\/\/zsambeksciencepark.hu\/en\/wp-json\/wp\/v2\/users\/1"}],"replies":[{"embeddable":true,"href":"https:\/\/zsambeksciencepark.hu\/en\/wp-json\/wp\/v2\/comments?post=651"}],"version-history":[{"count":22,"href":"https:\/\/zsambeksciencepark.hu\/en\/wp-json\/wp\/v2\/pages\/651\/revisions"}],"predecessor-version":[{"id":1240,"href":"https:\/\/zsambeksciencepark.hu\/en\/wp-json\/wp\/v2\/pages\/651\/revisions\/1240"}],"wp:attachment":[{"href":"https:\/\/zsambeksciencepark.hu\/en\/wp-json\/wp\/v2\/media?parent=651"}],"curies":[{"name":"wp","href":"https:\/\/api.w.org\/{rel}","templated":true}]}}