{"id":549,"date":"2025-06-11T17:02:49","date_gmt":"2025-06-11T17:02:49","guid":{"rendered":"https:\/\/zstip.2kwebdesign.hu\/?page_id=549"},"modified":"2025-07-23T13:44:29","modified_gmt":"2025-07-23T13:44:29","slug":"uzleti-modell","status":"publish","type":"page","link":"https:\/\/zsambeksciencepark.hu\/en\/uzleti-modell\/","title":{"rendered":"Business model"},"content":{"rendered":"<div data-elementor-type=\"wp-page\" data-elementor-id=\"549\" class=\"elementor elementor-549\" data-elementor-post-type=\"page\">\n\t\t\t\t<div class=\"elementor-element elementor-element-e727424 e-flex e-con-boxed e-con e-parent\" data-id=\"e727424\" data-element_type=\"container\" data-settings=\"{&quot;background_background&quot;:&quot;classic&quot;}\">\n\t\t\t\t\t<div class=\"e-con-inner\">\n\t\t<div class=\"elementor-element elementor-element-db0e8be e-flex e-con-boxed e-con e-child\" data-id=\"db0e8be\" data-element_type=\"container\">\n\t\t\t\t\t<div class=\"e-con-inner\">\n\t\t<div class=\"elementor-element elementor-element-2c10ce2 e-con-full e-flex e-con e-child\" data-id=\"2c10ce2\" data-element_type=\"container\">\n\t\t\t\t<\/div>\n\t\t\t\t\t<\/div>\n\t\t\t\t<\/div>\n\t\t\t\t\t<\/div>\n\t\t\t\t<\/div>\n\t\t<div class=\"elementor-element elementor-element-61d3d89 e-con-full e-flex e-con e-child\" data-id=\"61d3d89\" data-element_type=\"container\">\n\t\t<div class=\"elementor-element elementor-element-ffcca4f e-con-full e-flex e-con e-child\" data-id=\"ffcca4f\" data-element_type=\"container\" data-settings=\"{&quot;background_background&quot;:&quot;classic&quot;}\">\n\t\t\t\t<div class=\"elementor-element elementor-element-15cbd51 elementor-widget elementor-widget-heading\" data-id=\"15cbd51\" data-element_type=\"widget\" data-widget_type=\"heading.default\">\n\t\t\t\t<div class=\"elementor-widget-container\">\n\t\t\t\t\t<h2 class=\"elementor-heading-title elementor-size-default\">Level 1 <br>Affiliate Partner<\/h2>\t\t\t\t<\/div>\n\t\t\t\t<\/div>\n\t\t\t\t<\/div>\n\t\t<div class=\"elementor-element elementor-element-60dac71 e-con-full e-flex e-con e-child\" data-id=\"60dac71\" data-element_type=\"container\">\n\t\t\t\t<div class=\"elementor-element elementor-element-b7f70b9 elementor-widget elementor-widget-text-editor\" data-id=\"b7f70b9\" data-element_type=\"widget\" data-widget_type=\"text-editor.default\">\n\t\t\t\t<div class=\"elementor-widget-container\">\n\t\t\t\t\t\t\t\t\t<p><strong>ZSTIP Nkft. enters into a contract with the enterprise for the sale of products or services, based on which we provide our customers with the products or services offered by the enterprises.<\/strong><\/p><p>Based on the contract, ZSTIP NKft is entitled to an intermediary fee, depending on the nature of the product and service, in the amount of 10-20%. Based on the contracts, product or service descriptions with the logos of the cooperating enterprises are posted on the website.<\/p>\t\t\t\t\t\t\t\t<\/div>\n\t\t\t\t<\/div>\n\t\t<div class=\"elementor-element elementor-element-3d16d4f e-con-full e-flex e-con e-child\" data-id=\"3d16d4f\" data-element_type=\"container\" data-settings=\"{&quot;background_background&quot;:&quot;classic&quot;}\">\n\t\t<div class=\"elementor-element elementor-element-05da79e e-con-full e-flex e-con e-child\" data-id=\"05da79e\" data-element_type=\"container\">\n\t\t\t\t<div class=\"elementor-element elementor-element-2f9adb3 elementor-widget-mobile__width-initial elementor-widget elementor-widget-video\" data-id=\"2f9adb3\" data-element_type=\"widget\" data-settings=\"{&quot;video_type&quot;:&quot;hosted&quot;,&quot;autoplay&quot;:&quot;yes&quot;,&quot;play_on_mobile&quot;:&quot;yes&quot;,&quot;mute&quot;:&quot;yes&quot;,&quot;loop&quot;:&quot;yes&quot;}\" data-widget_type=\"video.default\">\n\t\t\t\t<div class=\"elementor-widget-container\">\n\t\t\t\t\t\t\t<div class=\"e-hosted-video elementor-wrapper elementor-open-inline\">\n\t\t\t\t\t<video class=\"elementor-video\" src=\"https:\/\/zsambeksciencepark.hu\/wp-content\/uploads\/2025\/06\/envato_video_gen_Jun_12_2025_14_12_48.mp4\" autoplay=\"\" loop=\"\" muted=\"muted\" playsinline=\"\" controlslist=\"nodownload\"><\/video>\n\t\t\t\t<\/div>\n\t\t\t\t\t\t<\/div>\n\t\t\t\t<\/div>\n\t\t\t\t<\/div>\n\t\t<div class=\"elementor-element elementor-element-cecf030 e-con-full e-flex e-con e-child\" data-id=\"cecf030\" data-element_type=\"container\">\n\t\t\t\t<div class=\"elementor-element elementor-element-583f753 elementor-vertical-align-top elementor-widget elementor-widget-icon-box\" data-id=\"583f753\" data-element_type=\"widget\" data-widget_type=\"icon-box.default\">\n\t\t\t\t<div class=\"elementor-widget-container\">\n\t\t\t\t\t\t\t<div class=\"elementor-icon-box-wrapper\">\n\n\t\t\t\n\t\t\t\t\t\t<div class=\"elementor-icon-box-content\">\n\n\t\t\t\t\t\t\t\t\t<div class=\"elementor-icon-box-title\">\n\t\t\t\t\t\t<span  >\n\t\t\t\t\t\t\tWould you like to join?\t\t\t\t\t\t<\/span>\n\t\t\t\t\t<\/div>\n\t\t\t\t\n\t\t\t\t\t\t\t\t\t<p class=\"elementor-icon-box-description\">\n\t\t\t\t\t\tFill out our form!\t\t\t\t\t<\/p>\n\t\t\t\t\n\t\t\t<\/div>\n\t\t\t\n\t\t<\/div>\n\t\t\t\t\t\t<\/div>\n\t\t\t\t<\/div>\n\t\t\t\t<div class=\"elementor-element elementor-element-d0f2f0e elementor-align-center elementor-widget elementor-widget-button\" data-id=\"d0f2f0e\" data-element_type=\"widget\" data-widget_type=\"button.default\">\n\t\t\t\t<div class=\"elementor-widget-container\">\n\t\t\t\t\t\t\t\t\t<div class=\"elementor-button-wrapper\">\n\t\t\t\t\t<a class=\"elementor-button elementor-button-link elementor-size-sm\" href=\"\/en\/csatlakozas\/?egyuttmukodes=\u00dczleti-partner-csatlakoz\u00e1s&#038;partner_szint=Affiliate-Partner\">\n\t\t\t\t\t\t<span class=\"elementor-button-content-wrapper\">\n\t\t\t\t\t\t\t\t\t<span class=\"elementor-button-text\">Interested<\/span>\n\t\t\t\t\t<\/span>\n\t\t\t\t\t<\/a>\n\t\t\t\t<\/div>\n\t\t\t\t\t\t\t\t<\/div>\n\t\t\t\t<\/div>\n\t\t\t\t<\/div>\n\t\t\t\t<\/div>\n\t\t\t\t<\/div>\n\t\t\t\t<\/div>\n\t\t<div class=\"elementor-element elementor-element-65a22eb e-flex e-con-boxed e-con e-parent\" data-id=\"65a22eb\" data-element_type=\"container\">\n\t\t\t\t\t<div class=\"e-con-inner\">\n\t\t\t\t<div class=\"elementor-element elementor-element-27415fc elementor-widget elementor-widget-spacer\" data-id=\"27415fc\" data-element_type=\"widget\" data-widget_type=\"spacer.default\">\n\t\t\t\t<div class=\"elementor-widget-container\">\n\t\t\t\t\t\t\t<div class=\"elementor-spacer\">\n\t\t\t<div class=\"elementor-spacer-inner\"><\/div>\n\t\t<\/div>\n\t\t\t\t\t\t<\/div>\n\t\t\t\t<\/div>\n\t\t\t\t\t<\/div>\n\t\t\t\t<\/div>\n\t\t<div class=\"elementor-element elementor-element-1d57533 e-con-full e-flex e-con e-child\" data-id=\"1d57533\" data-element_type=\"container\">\n\t\t<div class=\"elementor-element elementor-element-a20eac3 e-con-full e-flex e-con e-child\" data-id=\"a20eac3\" data-element_type=\"container\" data-settings=\"{&quot;background_background&quot;:&quot;classic&quot;}\">\n\t\t\t\t<div class=\"elementor-element elementor-element-8944386 elementor-widget elementor-widget-heading\" data-id=\"8944386\" data-element_type=\"widget\" data-widget_type=\"heading.default\">\n\t\t\t\t<div class=\"elementor-widget-container\">\n\t\t\t\t\t<h2 class=\"elementor-heading-title elementor-size-default\">Level 2 <br>Virtual Resident Partner\n<\/h2>\t\t\t\t<\/div>\n\t\t\t\t<\/div>\n\t\t\t\t<\/div>\n\t\t<div class=\"elementor-element elementor-element-b4c9493 e-con-full e-flex e-con e-child\" data-id=\"b4c9493\" data-element_type=\"container\">\n\t\t\t\t<div class=\"elementor-element elementor-element-673138b elementor-widget elementor-widget-text-editor\" data-id=\"673138b\" data-element_type=\"widget\" data-widget_type=\"text-editor.default\">\n\t\t\t\t<div class=\"elementor-widget-container\">\n\t\t\t\t\t\t\t\t\t<p><strong>ZSTIP Nkft. submits a tender with the enterprise in the form of a consortium or subcontractor for the purpose of carrying out joint activities (typically R&amp;D).<\/strong><\/p><p>Before submitting the application, the parties conclude a contract to share the project activities and budget. The cooperating partners strive to use the ZSTIP area as the project implementation location.<\/p>\t\t\t\t\t\t\t\t<\/div>\n\t\t\t\t<\/div>\n\t\t<div class=\"elementor-element elementor-element-6d36fb7 e-con-full e-flex e-con e-child\" data-id=\"6d36fb7\" data-element_type=\"container\" data-settings=\"{&quot;background_background&quot;:&quot;classic&quot;}\">\n\t\t<div class=\"elementor-element elementor-element-d37d99b e-con-full e-flex e-con e-child\" data-id=\"d37d99b\" data-element_type=\"container\">\n\t\t\t\t<div class=\"elementor-element elementor-element-3720c51 elementor-widget-mobile__width-initial elementor-widget elementor-widget-video\" data-id=\"3720c51\" data-element_type=\"widget\" data-settings=\"{&quot;video_type&quot;:&quot;hosted&quot;,&quot;autoplay&quot;:&quot;yes&quot;,&quot;play_on_mobile&quot;:&quot;yes&quot;,&quot;mute&quot;:&quot;yes&quot;,&quot;loop&quot;:&quot;yes&quot;}\" data-widget_type=\"video.default\">\n\t\t\t\t<div class=\"elementor-widget-container\">\n\t\t\t\t\t\t\t<div class=\"e-hosted-video elementor-wrapper elementor-open-inline\">\n\t\t\t\t\t<video class=\"elementor-video\" src=\"https:\/\/zsambeksciencepark.hu\/wp-content\/uploads\/2025\/06\/envato_video_gen_Jun_12_2025_14_12_48.mp4\" autoplay=\"\" loop=\"\" muted=\"muted\" playsinline=\"\" controlslist=\"nodownload\"><\/video>\n\t\t\t\t<\/div>\n\t\t\t\t\t\t<\/div>\n\t\t\t\t<\/div>\n\t\t\t\t<\/div>\n\t\t<div class=\"elementor-element elementor-element-4c69b15 e-con-full e-flex e-con e-child\" data-id=\"4c69b15\" data-element_type=\"container\">\n\t\t\t\t<div class=\"elementor-element elementor-element-bb31e58 elementor-vertical-align-top elementor-widget elementor-widget-icon-box\" data-id=\"bb31e58\" data-element_type=\"widget\" data-widget_type=\"icon-box.default\">\n\t\t\t\t<div class=\"elementor-widget-container\">\n\t\t\t\t\t\t\t<div class=\"elementor-icon-box-wrapper\">\n\n\t\t\t\n\t\t\t\t\t\t<div class=\"elementor-icon-box-content\">\n\n\t\t\t\t\t\t\t\t\t<div class=\"elementor-icon-box-title\">\n\t\t\t\t\t\t<span  >\n\t\t\t\t\t\t\tWould you like to join?\t\t\t\t\t\t<\/span>\n\t\t\t\t\t<\/div>\n\t\t\t\t\n\t\t\t\t\t\t\t\t\t<p class=\"elementor-icon-box-description\">\n\t\t\t\t\t\tFill out our form!\t\t\t\t\t<\/p>\n\t\t\t\t\n\t\t\t<\/div>\n\t\t\t\n\t\t<\/div>\n\t\t\t\t\t\t<\/div>\n\t\t\t\t<\/div>\n\t\t\t\t<div class=\"elementor-element elementor-element-1532b2b elementor-align-center elementor-widget elementor-widget-button\" data-id=\"1532b2b\" data-element_type=\"widget\" data-widget_type=\"button.default\">\n\t\t\t\t<div class=\"elementor-widget-container\">\n\t\t\t\t\t\t\t\t\t<div class=\"elementor-button-wrapper\">\n\t\t\t\t\t<a class=\"elementor-button elementor-button-link elementor-size-sm\" href=\"\/en\/csatlakozas\/?egyuttmukodes=\u00dczleti-partner-csatlakoz\u00e1s&#038;partner_szint=Virtual-Resident-Partner\">\n\t\t\t\t\t\t<span class=\"elementor-button-content-wrapper\">\n\t\t\t\t\t\t\t\t\t<span class=\"elementor-button-text\">Interested<\/span>\n\t\t\t\t\t<\/span>\n\t\t\t\t\t<\/a>\n\t\t\t\t<\/div>\n\t\t\t\t\t\t\t\t<\/div>\n\t\t\t\t<\/div>\n\t\t\t\t<\/div>\n\t\t\t\t<\/div>\n\t\t\t\t<\/div>\n\t\t\t\t<\/div>\n\t\t<div class=\"elementor-element elementor-element-cf3a508 e-flex e-con-boxed e-con e-parent\" data-id=\"cf3a508\" data-element_type=\"container\">\n\t\t\t\t\t<div class=\"e-con-inner\">\n\t\t\t\t<div class=\"elementor-element elementor-element-1027b88 elementor-widget elementor-widget-spacer\" data-id=\"1027b88\" data-element_type=\"widget\" data-widget_type=\"spacer.default\">\n\t\t\t\t<div class=\"elementor-widget-container\">\n\t\t\t\t\t\t\t<div class=\"elementor-spacer\">\n\t\t\t<div class=\"elementor-spacer-inner\"><\/div>\n\t\t<\/div>\n\t\t\t\t\t\t<\/div>\n\t\t\t\t<\/div>\n\t\t\t\t\t<\/div>\n\t\t\t\t<\/div>\n\t\t<div class=\"elementor-element elementor-element-968d40e e-con-full e-flex e-con e-child\" data-id=\"968d40e\" data-element_type=\"container\">\n\t\t<div class=\"elementor-element elementor-element-cafc4b4 e-con-full e-flex e-con e-child\" data-id=\"cafc4b4\" data-element_type=\"container\" data-settings=\"{&quot;background_background&quot;:&quot;classic&quot;}\">\n\t\t\t\t<div class=\"elementor-element elementor-element-0ee5fca elementor-widget elementor-widget-heading\" data-id=\"0ee5fca\" data-element_type=\"widget\" data-widget_type=\"heading.default\">\n\t\t\t\t<div class=\"elementor-widget-container\">\n\t\t\t\t\t<h2 class=\"elementor-heading-title elementor-size-default\">Level 3 <br>Resident Innovation Partner\n<\/h2>\t\t\t\t<\/div>\n\t\t\t\t<\/div>\n\t\t\t\t<\/div>\n\t\t<div class=\"elementor-element elementor-element-ba85a2f e-con-full e-flex e-con e-child\" data-id=\"ba85a2f\" data-element_type=\"container\">\n\t\t\t\t<div class=\"elementor-element elementor-element-62120fa elementor-widget elementor-widget-text-editor\" data-id=\"62120fa\" data-element_type=\"widget\" data-widget_type=\"text-editor.default\">\n\t\t\t\t<div class=\"elementor-widget-container\">\n\t\t\t\t\t\t\t\t\t<p><strong>ZSTIP Nkft, as a research center, and the enterprise conclude a cooperative research contract for the joint implementation of the R&amp;D project.<\/strong><\/p><p>The jointly developed project is first submitted to the NKFIH for qualification and after obtaining the R&amp;D project qualification, implementation begins in accordance with the distribution of activities and budget included in the project plan. Within the framework of the cooperation, they ensure that the maximum tax benefit available under the TAO Act is realized by the enterprise.<\/p>\t\t\t\t\t\t\t\t<\/div>\n\t\t\t\t<\/div>\n\t\t<div class=\"elementor-element elementor-element-8856bca e-con-full e-flex e-con e-child\" data-id=\"8856bca\" data-element_type=\"container\" data-settings=\"{&quot;background_background&quot;:&quot;classic&quot;}\">\n\t\t<div class=\"elementor-element elementor-element-a06a649 e-con-full e-flex e-con e-child\" data-id=\"a06a649\" data-element_type=\"container\">\n\t\t\t\t<div class=\"elementor-element elementor-element-89f7df4 elementor-widget-mobile__width-initial elementor-widget elementor-widget-video\" data-id=\"89f7df4\" data-element_type=\"widget\" data-settings=\"{&quot;video_type&quot;:&quot;hosted&quot;,&quot;autoplay&quot;:&quot;yes&quot;,&quot;play_on_mobile&quot;:&quot;yes&quot;,&quot;mute&quot;:&quot;yes&quot;,&quot;loop&quot;:&quot;yes&quot;}\" data-widget_type=\"video.default\">\n\t\t\t\t<div class=\"elementor-widget-container\">\n\t\t\t\t\t\t\t<div class=\"e-hosted-video elementor-wrapper elementor-open-inline\">\n\t\t\t\t\t<video class=\"elementor-video\" src=\"https:\/\/zsambeksciencepark.hu\/wp-content\/uploads\/2025\/06\/envato_video_gen_Jun_12_2025_14_12_48.mp4\" autoplay=\"\" loop=\"\" muted=\"muted\" playsinline=\"\" controlslist=\"nodownload\"><\/video>\n\t\t\t\t<\/div>\n\t\t\t\t\t\t<\/div>\n\t\t\t\t<\/div>\n\t\t\t\t<\/div>\n\t\t<div class=\"elementor-element elementor-element-c0896bd e-con-full e-flex e-con e-child\" data-id=\"c0896bd\" data-element_type=\"container\">\n\t\t\t\t<div class=\"elementor-element elementor-element-f5376d7 elementor-vertical-align-top elementor-widget elementor-widget-icon-box\" data-id=\"f5376d7\" data-element_type=\"widget\" data-widget_type=\"icon-box.default\">\n\t\t\t\t<div class=\"elementor-widget-container\">\n\t\t\t\t\t\t\t<div class=\"elementor-icon-box-wrapper\">\n\n\t\t\t\n\t\t\t\t\t\t<div class=\"elementor-icon-box-content\">\n\n\t\t\t\t\t\t\t\t\t<div class=\"elementor-icon-box-title\">\n\t\t\t\t\t\t<span  >\n\t\t\t\t\t\t\tWould you like to join?\t\t\t\t\t\t<\/span>\n\t\t\t\t\t<\/div>\n\t\t\t\t\n\t\t\t\t\t\t\t\t\t<p class=\"elementor-icon-box-description\">\n\t\t\t\t\t\tFill out our form!\t\t\t\t\t<\/p>\n\t\t\t\t\n\t\t\t<\/div>\n\t\t\t\n\t\t<\/div>\n\t\t\t\t\t\t<\/div>\n\t\t\t\t<\/div>\n\t\t\t\t<div class=\"elementor-element elementor-element-ea83a4e elementor-align-center elementor-widget elementor-widget-button\" data-id=\"ea83a4e\" data-element_type=\"widget\" data-widget_type=\"button.default\">\n\t\t\t\t<div class=\"elementor-widget-container\">\n\t\t\t\t\t\t\t\t\t<div class=\"elementor-button-wrapper\">\n\t\t\t\t\t<a class=\"elementor-button elementor-button-link elementor-size-sm\" href=\"\/en\/csatlakozas\/?egyuttmukodes=\u00dczleti-partner-csatlakoz\u00e1s&#038;partner_szint=Resident-Innovation-Partner\">\n\t\t\t\t\t\t<span class=\"elementor-button-content-wrapper\">\n\t\t\t\t\t\t\t\t\t<span class=\"elementor-button-text\">Interested<\/span>\n\t\t\t\t\t<\/span>\n\t\t\t\t\t<\/a>\n\t\t\t\t<\/div>\n\t\t\t\t\t\t\t\t<\/div>\n\t\t\t\t<\/div>\n\t\t\t\t<\/div>\n\t\t\t\t<\/div>\n\t\t\t\t<\/div>\n\t\t\t\t<\/div>\n\t\t<div class=\"elementor-element elementor-element-27d1daa e-flex e-con-boxed e-con e-parent\" data-id=\"27d1daa\" data-element_type=\"container\">\n\t\t\t\t\t<div class=\"e-con-inner\">\n\t\t\t\t<div class=\"elementor-element elementor-element-0d81016 elementor-widget elementor-widget-spacer\" data-id=\"0d81016\" data-element_type=\"widget\" data-widget_type=\"spacer.default\">\n\t\t\t\t<div class=\"elementor-widget-container\">\n\t\t\t\t\t\t\t<div class=\"elementor-spacer\">\n\t\t\t<div class=\"elementor-spacer-inner\"><\/div>\n\t\t<\/div>\n\t\t\t\t\t\t<\/div>\n\t\t\t\t<\/div>\n\t\t\t\t\t<\/div>\n\t\t\t\t<\/div>\n\t\t<div class=\"elementor-element elementor-element-886d19f e-con-full e-flex e-con e-child\" data-id=\"886d19f\" data-element_type=\"container\">\n\t\t<div class=\"elementor-element elementor-element-221a116 e-con-full e-flex e-con e-child\" data-id=\"221a116\" data-element_type=\"container\" data-settings=\"{&quot;background_background&quot;:&quot;classic&quot;}\">\n\t\t\t\t<div class=\"elementor-element elementor-element-705303b elementor-widget elementor-widget-heading\" data-id=\"705303b\" data-element_type=\"widget\" data-widget_type=\"heading.default\">\n\t\t\t\t<div class=\"elementor-widget-container\">\n\t\t\t\t\t<h2 class=\"elementor-heading-title elementor-size-default\">Level 4 <br>Strategic Venture Partner\n\n<\/h2>\t\t\t\t<\/div>\n\t\t\t\t<\/div>\n\t\t\t\t<\/div>\n\t\t<div class=\"elementor-element elementor-element-abf3e9f e-con-full e-flex e-con e-child\" data-id=\"abf3e9f\" data-element_type=\"container\">\n\t\t\t\t<div class=\"elementor-element elementor-element-2c7019e elementor-widget elementor-widget-text-editor\" data-id=\"2c7019e\" data-element_type=\"widget\" data-widget_type=\"text-editor.default\">\n\t\t\t\t<div class=\"elementor-widget-container\">\n\t\t\t\t\t\t\t\t\t<p><strong>In order to ensure cost-effective, stable, long-term and easily accessible services provided in the Science and Innovation Park, ZSTIP Nkft. makes strategic investments in cooperating enterprises in line with the planned goals of the park.<\/strong>.<\/p><p>The ownership stake acquired in the form of a capital increase is under 25% and the framework of the cooperation is secured by concluding a syndicate agreement. Our expectation from the strategic investment is primarily to provide services to the businesses in the park and the virtually connected companies.<\/p>\t\t\t\t\t\t\t\t<\/div>\n\t\t\t\t<\/div>\n\t\t<div class=\"elementor-element elementor-element-11e5892 e-con-full e-flex e-con e-child\" data-id=\"11e5892\" data-element_type=\"container\" data-settings=\"{&quot;background_background&quot;:&quot;classic&quot;}\">\n\t\t<div class=\"elementor-element elementor-element-47aa58f e-con-full e-flex e-con e-child\" data-id=\"47aa58f\" data-element_type=\"container\">\n\t\t\t\t<div class=\"elementor-element elementor-element-7b65e65 elementor-widget-mobile__width-initial elementor-widget elementor-widget-video\" data-id=\"7b65e65\" data-element_type=\"widget\" data-settings=\"{&quot;video_type&quot;:&quot;hosted&quot;,&quot;autoplay&quot;:&quot;yes&quot;,&quot;play_on_mobile&quot;:&quot;yes&quot;,&quot;mute&quot;:&quot;yes&quot;,&quot;loop&quot;:&quot;yes&quot;}\" data-widget_type=\"video.default\">\n\t\t\t\t<div class=\"elementor-widget-container\">\n\t\t\t\t\t\t\t<div class=\"e-hosted-video elementor-wrapper elementor-open-inline\">\n\t\t\t\t\t<video class=\"elementor-video\" src=\"https:\/\/zsambeksciencepark.hu\/wp-content\/uploads\/2025\/06\/envato_video_gen_Jun_12_2025_14_12_48.mp4\" autoplay=\"\" loop=\"\" muted=\"muted\" playsinline=\"\" controlslist=\"nodownload\"><\/video>\n\t\t\t\t<\/div>\n\t\t\t\t\t\t<\/div>\n\t\t\t\t<\/div>\n\t\t\t\t<\/div>\n\t\t<div class=\"elementor-element elementor-element-f005239 e-con-full e-flex e-con e-child\" data-id=\"f005239\" data-element_type=\"container\">\n\t\t\t\t<div class=\"elementor-element elementor-element-9810282 elementor-vertical-align-top elementor-widget elementor-widget-icon-box\" data-id=\"9810282\" data-element_type=\"widget\" data-widget_type=\"icon-box.default\">\n\t\t\t\t<div class=\"elementor-widget-container\">\n\t\t\t\t\t\t\t<div class=\"elementor-icon-box-wrapper\">\n\n\t\t\t\n\t\t\t\t\t\t<div class=\"elementor-icon-box-content\">\n\n\t\t\t\t\t\t\t\t\t<div class=\"elementor-icon-box-title\">\n\t\t\t\t\t\t<span  >\n\t\t\t\t\t\t\tWould you like to join?\t\t\t\t\t\t<\/span>\n\t\t\t\t\t<\/div>\n\t\t\t\t\n\t\t\t\t\t\t\t\t\t<p class=\"elementor-icon-box-description\">\n\t\t\t\t\t\tFill out our form!\t\t\t\t\t<\/p>\n\t\t\t\t\n\t\t\t<\/div>\n\t\t\t\n\t\t<\/div>\n\t\t\t\t\t\t<\/div>\n\t\t\t\t<\/div>\n\t\t\t\t<div class=\"elementor-element elementor-element-948597a elementor-align-center elementor-widget elementor-widget-button\" data-id=\"948597a\" data-element_type=\"widget\" data-widget_type=\"button.default\">\n\t\t\t\t<div class=\"elementor-widget-container\">\n\t\t\t\t\t\t\t\t\t<div class=\"elementor-button-wrapper\">\n\t\t\t\t\t<a class=\"elementor-button elementor-button-link elementor-size-sm\" href=\"\/en\/csatlakozas\/?egyuttmukodes=\u00dczleti-partner-csatlakoz\u00e1s&#038;partner_szint=Strategic-Venture-Partner\">\n\t\t\t\t\t\t<span class=\"elementor-button-content-wrapper\">\n\t\t\t\t\t\t\t\t\t<span class=\"elementor-button-text\">Interested<\/span>\n\t\t\t\t\t<\/span>\n\t\t\t\t\t<\/a>\n\t\t\t\t<\/div>\n\t\t\t\t\t\t\t\t<\/div>\n\t\t\t\t<\/div>\n\t\t\t\t<\/div>\n\t\t\t\t<\/div>\n\t\t\t\t<\/div>\n\t\t\t\t<\/div>\n\t\t<div class=\"elementor-element elementor-element-9b83b1f e-flex e-con-boxed e-con e-parent\" data-id=\"9b83b1f\" data-element_type=\"container\">\n\t\t\t\t\t<div class=\"e-con-inner\">\n\t\t\t\t<div class=\"elementor-element elementor-element-6cd58fa elementor-widget elementor-widget-spacer\" data-id=\"6cd58fa\" data-element_type=\"widget\" data-widget_type=\"spacer.default\">\n\t\t\t\t<div class=\"elementor-widget-container\">\n\t\t\t\t\t\t\t<div class=\"elementor-spacer\">\n\t\t\t<div class=\"elementor-spacer-inner\"><\/div>\n\t\t<\/div>\n\t\t\t\t\t\t<\/div>\n\t\t\t\t<\/div>\n\t\t\t\t\t<\/div>\n\t\t\t\t<\/div>\n\t\t\t\t<\/div>","protected":false},"excerpt":{"rendered":"<p>Level 1 Affiliate Partner The company enters into a contract with ZSTIP Nkft. for the sale of products or services, based on which we provide our customers with the products or services offered by the companies. Based on the contract, ZSTIP NKft is entitled to an intermediary fee, depending on the nature of the product and service, in the amount of 10-20%. Product or service descriptions are provided on the website based on the contracts [\u2026]<\/p>","protected":false},"author":1,"featured_media":0,"parent":0,"menu_order":0,"comment_status":"closed","ping_status":"closed","template":"","meta":{"_seopress_robots_primary_cat":"","_seopress_titles_title":"","_seopress_titles_desc":"Fedezze fel az innov\u00e1ci\u00f3s park \u00fczleti modellj\u00e9t: n\u00e9gy szint\u0171 partneri rendszer, amely t\u00e1mogatja a kutat\u00e1s-fejleszt\u00e9st, az egy\u00fcttm\u0171k\u00f6d\u00e9st \u00e9s a k\u00f6z\u00f6s piaci megjelen\u00e9st.","_seopress_robots_index":"","footnotes":""},"class_list":["post-549","page","type-page","status-publish","hentry"],"_links":{"self":[{"href":"https:\/\/zsambeksciencepark.hu\/en\/wp-json\/wp\/v2\/pages\/549","targetHints":{"allow":["GET"]}}],"collection":[{"href":"https:\/\/zsambeksciencepark.hu\/en\/wp-json\/wp\/v2\/pages"}],"about":[{"href":"https:\/\/zsambeksciencepark.hu\/en\/wp-json\/wp\/v2\/types\/page"}],"author":[{"embeddable":true,"href":"https:\/\/zsambeksciencepark.hu\/en\/wp-json\/wp\/v2\/users\/1"}],"replies":[{"embeddable":true,"href":"https:\/\/zsambeksciencepark.hu\/en\/wp-json\/wp\/v2\/comments?post=549"}],"version-history":[{"count":56,"href":"https:\/\/zsambeksciencepark.hu\/en\/wp-json\/wp\/v2\/pages\/549\/revisions"}],"predecessor-version":[{"id":1406,"href":"https:\/\/zsambeksciencepark.hu\/en\/wp-json\/wp\/v2\/pages\/549\/revisions\/1406"}],"wp:attachment":[{"href":"https:\/\/zsambeksciencepark.hu\/en\/wp-json\/wp\/v2\/media?parent=549"}],"curies":[{"name":"wp","href":"https:\/\/api.w.org\/{rel}","templated":true}]}}