{"id":513,"date":"2025-06-11T16:20:10","date_gmt":"2025-06-11T16:20:10","guid":{"rendered":"https:\/\/zstip.2kwebdesign.hu\/?page_id=513"},"modified":"2025-07-14T14:02:06","modified_gmt":"2025-07-14T14:02:06","slug":"csatlakozas","status":"publish","type":"page","link":"https:\/\/zsambeksciencepark.hu\/en\/csatlakozas\/","title":{"rendered":"Connection"},"content":{"rendered":"<div data-elementor-type=\"wp-page\" data-elementor-id=\"513\" class=\"elementor elementor-513\" data-elementor-post-type=\"page\">\n\t\t\t\t<div class=\"elementor-element elementor-element-8833f4e e-flex e-con-boxed e-con e-parent\" data-id=\"8833f4e\" data-element_type=\"container\" data-settings=\"{&quot;background_background&quot;:&quot;classic&quot;}\">\n\t\t\t\t\t<div class=\"e-con-inner\">\n\t\t<div class=\"elementor-element elementor-element-8838c19 e-flex e-con-boxed e-con e-child\" data-id=\"8838c19\" data-element_type=\"container\">\n\t\t\t\t\t<div class=\"e-con-inner\">\n\t\t<div class=\"elementor-element elementor-element-cc18799 e-con-full e-flex e-con e-child\" data-id=\"cc18799\" data-element_type=\"container\">\n\t\t\t\t<\/div>\n\t\t\t\t\t<\/div>\n\t\t\t\t<\/div>\n\t\t\t\t\t<\/div>\n\t\t\t\t<\/div>\n\t\t<div class=\"elementor-element elementor-element-1d55ce4 e-flex e-con-boxed e-con e-parent\" data-id=\"1d55ce4\" data-element_type=\"container\">\n\t\t\t\t\t<div class=\"e-con-inner\">\n\t\t<div class=\"elementor-element elementor-element-2d90a3b e-con-full e-flex e-con e-child\" data-id=\"2d90a3b\" data-element_type=\"container\" data-settings=\"{&quot;background_background&quot;:&quot;classic&quot;}\">\n\t\t<div class=\"elementor-element elementor-element-bb769e8 e-con-full e-flex e-con e-child\" data-id=\"bb769e8\" data-element_type=\"container\">\n\t\t\t\t<div class=\"elementor-element elementor-element-f3ef631 elementor-widget elementor-widget-video\" data-id=\"f3ef631\" data-element_type=\"widget\" data-settings=\"{&quot;video_type&quot;:&quot;hosted&quot;,&quot;autoplay&quot;:&quot;yes&quot;,&quot;play_on_mobile&quot;:&quot;yes&quot;,&quot;mute&quot;:&quot;yes&quot;,&quot;loop&quot;:&quot;yes&quot;}\" data-widget_type=\"video.default\">\n\t\t\t\t<div class=\"elementor-widget-container\">\n\t\t\t\t\t\t\t<div class=\"e-hosted-video elementor-wrapper elementor-open-inline\">\n\t\t\t\t\t<video class=\"elementor-video\" src=\"https:\/\/zsambeksciencepark.hu\/wp-content\/uploads\/2025\/06\/envato_video_gen_Jun_12_2025_14_12_48.mp4\" autoplay=\"\" loop=\"\" muted=\"muted\" playsinline=\"\" controlslist=\"nodownload\"><\/video>\n\t\t\t\t<\/div>\n\t\t\t\t\t\t<\/div>\n\t\t\t\t<\/div>\n\t\t\t\t<div class=\"elementor-element elementor-element-5e97a84 elementor-widget elementor-widget-heading\" data-id=\"5e97a84\" data-element_type=\"widget\" data-widget_type=\"heading.default\">\n\t\t\t\t<div class=\"elementor-widget-container\">\n\t\t\t\t\t<h2 class=\"elementor-heading-title elementor-size-default\">Connection<\/h2>\t\t\t\t<\/div>\n\t\t\t\t<\/div>\n\t\t\t\t<div class=\"elementor-element elementor-element-bec8f60 elementor-widget elementor-widget-text-editor\" data-id=\"bec8f60\" data-element_type=\"widget\" data-widget_type=\"text-editor.default\">\n\t\t\t\t<div class=\"elementor-widget-container\">\n\t\t\t\t\t\t\t\t\t<p class=\"p1\">Be part of the innovation community! Contact us and find out how you can join our research, development or business collaborations.<\/p>\t\t\t\t\t\t\t\t<\/div>\n\t\t\t\t<\/div>\n\t\t\t\t<\/div>\n\t\t<div class=\"elementor-element elementor-element-3b1db8b e-con-full e-flex e-con e-child\" data-id=\"3b1db8b\" data-element_type=\"container\">\n\t\t\t\t<div class=\"elementor-element elementor-element-d362b05 elementor-widget elementor-widget-shortcode\" data-id=\"d362b05\" data-element_type=\"widget\" data-widget_type=\"shortcode.default\">\n\t\t\t\t<div class=\"elementor-widget-container\">\n\t\t\t\t\t\t\t<div class=\"elementor-shortcode\"><div class=\"forminator-ui forminator-custom-form forminator-custom-form-500 forminator-design--default forminator-enclosed forminator_ajax\" data-forminator-render=\"0\" data-form=\"forminator-module-500\" data-uid=\"69fa1a1425afb\"><br\/><\/div><form\n\t\t\t\tid=\"forminator-module-500\"\n\t\t\t\tclass=\"forminator-ui forminator-custom-form forminator-custom-form-500 forminator-design--default forminator-enclosed forminator_ajax\"\n\t\t\t\tmethod=\"post\"\n\t\t\t\tdata-forminator-render=\"0\"\n\t\t\t\tdata-form-id=\"500\"\n\t\t\t\t\n\t\t\t\tdata-design=\"default\"\n\t\t\t\t\n\t\t\t\t\n\t\t\t\t\n\t\t\t\tdata-grid=\"enclosed\"\n\t\t\t\t\n\t\t\t\t\n\t\t\t\tstyle=\"display: none;\"\n\t\t\t\t\n\t\t\t\tdata-uid=\"69fa1a1425afb\" action=\"\"\n\t\t\t><div role=\"alert\" aria-live=\"polite\" class=\"forminator-response-message forminator-error\" aria-hidden=\"true\"><\/div><div class=\"forminator-row\"><div id=\"name-1\" class=\"forminator-field-name forminator-col forminator-col-12\"><div class=\"forminator-row forminator-no-margin\" data-multiple=\"true\"><div class=\"forminator-col forminator-col-md-6\"><div class=\"forminator-field\"><label for=\"forminator-field-first-name-1_69fa1a1425afb\" id=\"forminator-field-first-name-1_69fa1a1425afb-label\" class=\"forminator-label\">Last name <span class=\"forminator-required\">*<\/span><\/label><input type=\"text\" name=\"name-1-first-name\" placeholder=\"\" id=\"forminator-field-first-name-1_69fa1a1425afb\" class=\"forminator-input\" aria-required=\"true\" data-multi=\"1\" value=\"\" \/><\/div><\/div><div class=\"forminator-col forminator-col-md-6\"><div class=\"forminator-field\"><label for=\"forminator-field-last-name-1_69fa1a1425afb\" id=\"forminator-field-last-name-1_69fa1a1425afb-label\" class=\"forminator-label\">First name<\/label><input type=\"text\" name=\"name-1-last-name\" placeholder=\"\" id=\"forminator-field-last-name-1_69fa1a1425afb\" class=\"forminator-input\" aria-required=\"false\" data-multi=\"1\" value=\"\" \/><\/div><\/div><\/div><\/div><\/div><div class=\"forminator-row\"><div id=\"email-1\" class=\"forminator-field-email forminator-col forminator-col-12\"><div class=\"forminator-row-inside forminator-row-with-confirmation-email\"><div class=\"forminator-col forminator-col-6\"><div class=\"forminator-field\"><label for=\"forminator-field-email-1_69fa1a1425afb\" id=\"forminator-field-email-1_69fa1a1425afb-label\" class=\"forminator-label\">Email address <span class=\"forminator-required\">*<\/span><\/label><input type=\"email\" name=\"email-1\" value=\"\" placeholder=\"\" id=\"forminator-field-email-1_69fa1a1425afb\" class=\"forminator-input forminator-email--field\" data-required=\"true\" aria-required=\"true\" \/><\/div><\/div><div class=\"forminator-col forminator-col-6\"><div class=\"forminator-field\"><label for=\"forminator-field-confirm_email-1_69fa1a1425afb\" id=\"forminator-field-confirm_email-1_69fa1a1425afb-label\" class=\"forminator-label\">Confirm email address <span class=\"forminator-required\">*<\/span><\/label><input type=\"email\" name=\"confirm_email-1\" value=\"\" placeholder=\"\" id=\"forminator-field-confirm_email-1_69fa1a1425afb\" class=\"forminator-input forminator-name--field\" data-required=\"true\" aria-required=\"true\" \/><\/div><\/div><\/div><\/div><\/div><div class=\"forminator-row\"><div id=\"phone-1\" class=\"forminator-field-phone forminator-col forminator-col-12\"><div class=\"forminator-field\"><label for=\"forminator-field-phone-1_69fa1a1425afb\" id=\"forminator-field-phone-1_69fa1a1425afb-label\" class=\"forminator-label\">Phone number <span class=\"forminator-required\">*<\/span><\/label><input type=\"text\" name=\"phone-1\" value=\"\" placeholder=\"\" id=\"forminator-field-phone-1_69fa1a1425afb\" class=\"forminator-input forminator-field--phone\" data-required=\"1\" aria-required=\"true\" autocomplete=\"off\" \/><\/div><\/div><\/div><div class=\"forminator-row\"><div id=\"select-1\" class=\"forminator-field-select forminator-col forminator-col-12\"><div class=\"forminator-field\"><label for=\"forminator-form-500__field--select-1_69fa1a1425afb\" id=\"forminator-form-500__field--select-1_69fa1a1425afb-label\" class=\"forminator-label\">Cooperation <span class=\"forminator-required\">*<\/span><\/label><select  id=\"forminator-form-500__field--select-1_69fa1a1425afb\" class=\"forminator-select--field forminator-select2 forminator-select2-multiple\" data-required=\"1\" name=\"select-1\" data-default-value=\"\" data-hidden-behavior=\"zero\" data-placeholder=\"V\u00e1lasszon kateg\u00f3ri\u00e1t\" data-search=\"false\" data-search-placeholder=\"V\u00e1lasszon kateg\u00f3ri\u00e1t\" data-checkbox=\"false\" data-allow-clear=\"false\" aria-labelledby=\"forminator-form-500__field--select-1_69fa1a1425afb-label\"><option value=\"\"  >Choose a category<\/option><option value=\"\u00dczleti-partner-csatlakoz\u00e1s\"  data-calculation=\"0\">Business partner connection<\/option><option value=\"Szolg\u00e1ltat\u00e1sok\"  data-calculation=\"0\">Services<\/option><\/select><\/div><\/div><\/div><div class=\"forminator-row\"><div id=\"select-2\" class=\"forminator-field-select forminator-col forminator-col-12\"><div class=\"forminator-field\"><label for=\"forminator-form-500__field--select-2_69fa1a1425afb\" id=\"forminator-form-500__field--select-2_69fa1a1425afb-label\" class=\"forminator-label\">Partner level<\/label><select  id=\"forminator-form-500__field--select-2_69fa1a1425afb\" class=\"forminator-select--field forminator-select2 forminator-select2-multiple\" data-required=\"\" name=\"select-2\" data-default-value=\"\" data-hidden-behavior=\"zero\" data-placeholder=\"V\u00e1lasszon partner szintet\" data-search=\"false\" data-search-placeholder=\"V\u00e1lasszon partner szintet\" data-checkbox=\"false\" data-allow-clear=\"false\" aria-labelledby=\"forminator-form-500__field--select-2_69fa1a1425afb-label\"><option value=\"\"  >Choose a partner level<\/option><option value=\"Affiliate-Partner\"  data-calculation=\"0\">Affiliate Partner<\/option><option value=\"Virtual-Resident-Partner\"  data-calculation=\"0\">Virtual Resident Partner<\/option><option value=\"Resident-Innovation-Partner\"  data-calculation=\"0\">Resident Innovation Partner<\/option><option value=\"Strategic-Venture-Partner\"  data-calculation=\"0\">Strategic Venture Partner<\/option><\/select><\/div><\/div><\/div><div class=\"forminator-row\"><div id=\"select-3\" class=\"forminator-field-select forminator-col forminator-col-12\"><div class=\"forminator-field\"><label for=\"forminator-form-500__field--select-3_69fa1a1425afb\" id=\"forminator-form-500__field--select-3_69fa1a1425afb-label\" class=\"forminator-label\">Service name<\/label><select  id=\"forminator-form-500__field--select-3_69fa1a1425afb\" class=\"forminator-select--field forminator-select2 forminator-select2-multiple\" data-required=\"\" name=\"select-3\" data-default-value=\"\" data-hidden-behavior=\"zero\" data-placeholder=\"V\u00e1lasszon szolg\u00e1ltat\u00e1st\" data-search=\"false\" data-search-placeholder=\"V\u00e1lasszon szolg\u00e1ltat\u00e1st\" data-checkbox=\"false\" data-allow-clear=\"false\" aria-labelledby=\"forminator-form-500__field--select-3_69fa1a1425afb-label\"><option value=\"\"  >Choose a service<\/option><option value=\"Technol\u00f3giai-transzfer-szolg\u00e1ltat\u00e1sok\"  data-calculation=\"0\">Technology transfer services<\/option><option value=\"Kutat\u00e1si-projektek\"  data-calculation=\"0\">Research projects<\/option><option value=\"Tudom\u00e1nyos-k\u00f6nyvt\u00e1r,-szabv\u00e1ny-\u00e9s-szabadalomt\u00e1r\"  data-calculation=\"0\">Scientific library, standards and patent database<\/option><option value=\"K+F+I-\u00e9s-ku\u0308l\u00f6nb\u00f6z\u0151-innov\u00e1ci\u00f3-f\u00f3kusz\u00fa-tev\u00e9kenys\u00e9gekhez-kapcsol\u00f3d\u00f3-szolg\u00e1ltat\u00e1sok\"  data-calculation=\"0\">Services related to R&amp;D&amp;I and various innovation-focused activities<\/option><option value=\"Alapvet\u0151-infrastrukt\u00far\u00e1hoz-kapcsol\u00f3d\u00f3-szolg\u00e1ltat\u00e1sok\"  data-calculation=\"0\">Basic infrastructure related services<\/option><option value=\"Kieg\u00e9sz\u00edt\u0151,-infrastrukt\u00far\u00e1hoz-kapcsol\u00f3d\u00f3-szolg\u00e1ltat\u00e1sok\"  data-calculation=\"0\">Additional infrastructure-related services<\/option><option value=\"V\u00e1s\u00e1rolt-szolg\u00e1ltat\u00e1sok\"  data-calculation=\"0\">Purchased services<\/option><option value=\"\u00dczleti-szolg\u00e1ltat\u00e1sok\"  data-calculation=\"0\">Business services<\/option><option value=\"P\u00e9nzu\u0308gyi-szolg\u00e1ltat\u00e1sok\"  data-calculation=\"0\">Financial services<\/option><option value=\"Inform\u00e1ci\u00f3s-szolg\u00e1ltat\u00e1sok\"  data-calculation=\"0\">Information services<\/option><option value=\"Szellemi-tulajdonnal-kapcsolatos-tan\u00e1csad\u00e1s\"  data-calculation=\"0\">Intellectual property advice<\/option><option value=\"\u00dczemeltet\u00e9si-szolg\u00e1ltat\u00e1sok\"  data-calculation=\"0\">Operation services<\/option><option value=\"K\u00f6zleked\u00e9st-seg\u00edt\u0151-szolg\u00e1ltat\u00e1sok\"  data-calculation=\"0\">Transportation services<\/option><option value=\"TTC-szolg\u00e1ltat\u00e1sok\"  data-calculation=\"0\">TTC services<\/option><option value=\"\u00d3UVC-szolg\u00e1ltat\u00e1sok\"  data-calculation=\"0\">UVC services<\/option><option value=\"\u00d3E-szolg\u00e1ltat\u00e1sok\"  data-calculation=\"0\">OE services<\/option><\/select><\/div><\/div><\/div><div class=\"forminator-row\"><div id=\"textarea-1\" class=\"forminator-field-textarea forminator-col forminator-col-12\"><div class=\"forminator-field\"><label for=\"forminator-field-textarea-1_69fa1a1425afb\" id=\"forminator-field-textarea-1_69fa1a1425afb-label\" class=\"forminator-label\">Message<\/label><span id=\"forminator-field-textarea-1_69fa1a1425afb-description\" class=\"forminator-description\"><span data-limit=\"180\" data-type=\"characters\" data-editor=\"\">0 \/ 180<\/span><\/span><textarea name=\"textarea-1\" placeholder=\"\" id=\"forminator-field-textarea-1_69fa1a1425afb\" class=\"forminator-textarea\" rows=\"6\" style=\"min-height:140px;\" maxlength=\"180\" ><\/textarea><\/div><\/div><\/div><div class=\"forminator-row\"><div id=\"checkbox-1\" class=\"forminator-field-checkbox forminator-col forminator-col-12\"><div role=\"group\" class=\"forminator-field required\" aria-labelledby=\"forminator-checkbox-group-forminator-field-checkbox-1-69fa1a1425afb-label\"><label id=\"forminator-field-checkbox-1-1-69fa1a1425afb-label\" for=\"forminator-field-checkbox-1-1-69fa1a1425afb\" class=\"forminator-checkbox\" title=\"I have read, understood and accept the terms of the site &lt;a href=&quot;\/en\/adatvedelmi-iranyelvek\/&quot; style=&quot;color:#f1ad53&quot;&gt;privacy policy&lt;\/a&gt;, and I expressly consent to the Data Controller processing my data provided during the use of the website for the purposes specified in the information.\"><input type=\"checkbox\" name=\"checkbox-1[]\" value=\"one\" id=\"forminator-field-checkbox-1-1-69fa1a1425afb\" aria-labelledby=\"forminator-field-checkbox-1-1-69fa1a1425afb-label\" data-calculation=\"0\"   data-hidden-behavior=\"zero\"\/><span class=\"forminator-checkbox-box\" aria-hidden=\"true\"><\/span><span class=\"forminator-checkbox-label\">I have read, understood and accept the terms of the site <a href=\"\/en\/adatvedelmi-iranyelvek\/\" style=\"color:#f1ad53\">privacy policy<\/a>, and I expressly consent to the Data Controller processing my data provided during the use of the website for the purposes specified in the information.<\/span><\/label><\/div><\/div><\/div><input type=\"hidden\" name=\"referer_url\" value=\"\" \/><div class=\"forminator-row forminator-row-last\"><div class=\"forminator-col\"><div class=\"forminator-field\"><button class=\"forminator-button forminator-button-submit\">Send<\/button><\/div><\/div><\/div><input type=\"hidden\" id=\"forminator_nonce\" name=\"forminator_nonce\" value=\"dabe620c8e\" \/><input type=\"hidden\" name=\"_wp_http_referer\" value=\"\/en\/wp-json\/wp\/v2\/pages\/513\" \/><input type=\"hidden\" name=\"form_id\" value=\"500\"><input type=\"hidden\" name=\"page_id\" value=\"513\"><input type=\"hidden\" name=\"form_type\" value=\"default\"><input type=\"hidden\" name=\"current_url\" value=\"https:\/\/zsambeksciencepark.hu\/en\/csatlakozas\/\"><input type=\"hidden\" name=\"render_id\" value=\"0\"><input type=\"hidden\" name=\"action\" value=\"forminator_submit_form_custom-forms\"><input type=\"hidden\" name=\"trp-form-language\" value=\"en\"\/><\/form><\/div>\n\t\t\t\t\t\t<\/div>\n\t\t\t\t<\/div>\n\t\t\t\t<\/div>\n\t\t\t\t<\/div>\n\t\t\t\t\t<\/div>\n\t\t\t\t<\/div>\n\t\t<div class=\"elementor-element elementor-element-c043925 e-flex e-con-boxed e-con e-parent\" data-id=\"c043925\" data-element_type=\"container\">\n\t\t\t\t\t<div class=\"e-con-inner\">\n\t\t\t\t<div class=\"elementor-element elementor-element-1e3cd8d elementor-widget elementor-widget-spacer\" data-id=\"1e3cd8d\" data-element_type=\"widget\" data-widget_type=\"spacer.default\">\n\t\t\t\t<div class=\"elementor-widget-container\">\n\t\t\t\t\t\t\t<div class=\"elementor-spacer\">\n\t\t\t<div class=\"elementor-spacer-inner\"><\/div>\n\t\t<\/div>\n\t\t\t\t\t\t<\/div>\n\t\t\t\t<\/div>\n\t\t\t\t\t<\/div>\n\t\t\t\t<\/div>\n\t\t\t\t<\/div>","protected":false},"excerpt":{"rendered":"<p>https:\/\/zsambeksciencepark.hu\/wp-content\/uploads\/2025\/06\/envato_video_gen_Jun_12_2025_14_12_48.mp4 Join Be part of the innovation community! Contact us and find out how you can join our research, development or business collaborations.<\/p>","protected":false},"author":1,"featured_media":0,"parent":0,"menu_order":0,"comment_status":"closed","ping_status":"closed","template":"","meta":{"_seopress_robots_primary_cat":"","_seopress_titles_title":"","_seopress_titles_desc":"","_seopress_robots_index":"","footnotes":""},"class_list":["post-513","page","type-page","status-publish","hentry"],"_links":{"self":[{"href":"https:\/\/zsambeksciencepark.hu\/en\/wp-json\/wp\/v2\/pages\/513","targetHints":{"allow":["GET"]}}],"collection":[{"href":"https:\/\/zsambeksciencepark.hu\/en\/wp-json\/wp\/v2\/pages"}],"about":[{"href":"https:\/\/zsambeksciencepark.hu\/en\/wp-json\/wp\/v2\/types\/page"}],"author":[{"embeddable":true,"href":"https:\/\/zsambeksciencepark.hu\/en\/wp-json\/wp\/v2\/users\/1"}],"replies":[{"embeddable":true,"href":"https:\/\/zsambeksciencepark.hu\/en\/wp-json\/wp\/v2\/comments?post=513"}],"version-history":[{"count":10,"href":"https:\/\/zsambeksciencepark.hu\/en\/wp-json\/wp\/v2\/pages\/513\/revisions"}],"predecessor-version":[{"id":1231,"href":"https:\/\/zsambeksciencepark.hu\/en\/wp-json\/wp\/v2\/pages\/513\/revisions\/1231"}],"wp:attachment":[{"href":"https:\/\/zsambeksciencepark.hu\/en\/wp-json\/wp\/v2\/media?parent=513"}],"curies":[{"name":"wp","href":"https:\/\/api.w.org\/{rel}","templated":true}]}}