{"id":444,"date":"2025-06-10T08:14:24","date_gmt":"2025-06-10T08:14:24","guid":{"rendered":"https:\/\/zstip.2kwebdesign.hu\/?page_id=444"},"modified":"2025-09-03T10:48:57","modified_gmt":"2025-09-03T10:48:57","slug":"partnerek","status":"publish","type":"page","link":"https:\/\/zsambeksciencepark.hu\/en\/partnerek\/","title":{"rendered":"Partners"},"content":{"rendered":"<div data-elementor-type=\"wp-page\" data-elementor-id=\"444\" class=\"elementor elementor-444\" data-elementor-post-type=\"page\">\n\t\t\t\t<div class=\"elementor-element elementor-element-614282b e-flex e-con-boxed e-con e-parent\" data-id=\"614282b\" data-element_type=\"container\" data-settings=\"{&quot;background_background&quot;:&quot;classic&quot;}\">\n\t\t\t\t\t<div class=\"e-con-inner\">\n\t\t<div class=\"elementor-element elementor-element-e4c616b e-flex e-con-boxed e-con e-child\" data-id=\"e4c616b\" data-element_type=\"container\">\n\t\t\t\t\t<div class=\"e-con-inner\">\n\t\t<div class=\"elementor-element elementor-element-72b547e e-con-full e-flex e-con e-child\" data-id=\"72b547e\" data-element_type=\"container\">\n\t\t\t\t<\/div>\n\t\t\t\t\t<\/div>\n\t\t\t\t<\/div>\n\t\t\t\t\t<\/div>\n\t\t\t\t<\/div>\n\t\t<div class=\"elementor-element elementor-element-217c0cf e-con-full e-flex e-con e-child\" data-id=\"217c0cf\" data-element_type=\"container\">\n\t\t<div class=\"elementor-element elementor-element-e5141ac e-con-full e-flex e-con e-child\" data-id=\"e5141ac\" data-element_type=\"container\" data-settings=\"{&quot;background_background&quot;:&quot;classic&quot;}\">\n\t\t\t\t<div class=\"elementor-element elementor-element-461e7e5 elementor-widget elementor-widget-image\" data-id=\"461e7e5\" data-element_type=\"widget\" data-widget_type=\"image.default\">\n\t\t\t\t<div class=\"elementor-widget-container\">\n\t\t\t\t\t\t\t\t\t\t\t\t\t\t\t<img alt=\"\" fetchpriority=\"high\" decoding=\"async\" width=\"800\" height=\"272\" src=\"https:\/\/zsambeksciencepark.hu\/wp-content\/uploads\/2025\/07\/cropped-mkk_hu_logo01-1.png\" class=\"attachment-large size-large wp-image-1175\" srcset=\"https:\/\/zsambeksciencepark.hu\/wp-content\/uploads\/2025\/07\/cropped-mkk_hu_logo01-1.png 853w, https:\/\/zsambeksciencepark.hu\/wp-content\/uploads\/2025\/07\/cropped-mkk_hu_logo01-1-300x102.png 300w, https:\/\/zsambeksciencepark.hu\/wp-content\/uploads\/2025\/07\/cropped-mkk_hu_logo01-1-768x261.png 768w, https:\/\/zsambeksciencepark.hu\/wp-content\/uploads\/2025\/07\/cropped-mkk_hu_logo01-1-18x6.png 18w\" sizes=\"(max-width: 800px) 100vw, 800px\" \/>\t\t\t\t\t\t\t\t\t\t\t\t\t\t\t<\/div>\n\t\t\t\t<\/div>\n\t\t\t\t<\/div>\n\t\t<div class=\"elementor-element elementor-element-7f2d674 e-con-full e-flex e-con e-child\" data-id=\"7f2d674\" data-element_type=\"container\">\n\t\t\t\t<div class=\"elementor-element elementor-element-137f4bf elementor-widget elementor-widget-heading\" data-id=\"137f4bf\" data-element_type=\"widget\" data-widget_type=\"heading.default\">\n\t\t\t\t<div class=\"elementor-widget-container\">\n\t\t\t\t\t<h2 class=\"elementor-heading-title elementor-size-default\">Hungarian Cybersecurity Cluster<\/h2>\t\t\t\t<\/div>\n\t\t\t\t<\/div>\n\t\t\t\t<div class=\"elementor-element elementor-element-f6ab476 elementor-widget elementor-widget-text-editor\" data-id=\"f6ab476\" data-element_type=\"widget\" data-widget_type=\"text-editor.default\">\n\t\t\t\t<div class=\"elementor-widget-container\">\n\t\t\t\t\t\t\t\t\t<p>The Hungarian Cybersecurity Cluster is a collaborative community that brings together businesses, educational institutions and research institutions active in domestic cybersecurity. Its aim is to promote the development of digital protection in Hungary through joint projects, knowledge sharing and support for innovative solutions.<\/p>\t\t\t\t\t\t\t\t<\/div>\n\t\t\t\t<\/div>\n\t\t\t\t<div class=\"elementor-element elementor-element-5c30ddb elementor-align-left elementor-widget elementor-widget-button\" data-id=\"5c30ddb\" data-element_type=\"widget\" data-widget_type=\"button.default\">\n\t\t\t\t<div class=\"elementor-widget-container\">\n\t\t\t\t\t\t\t\t\t<div class=\"elementor-button-wrapper\">\n\t\t\t\t\t<a class=\"elementor-button elementor-button-link elementor-size-sm\" href=\"https:\/\/kiberklaszter.hu\/\" target=\"_blank\">\n\t\t\t\t\t\t<span class=\"elementor-button-content-wrapper\">\n\t\t\t\t\t\t\t\t\t<span class=\"elementor-button-text\">More information<\/span>\n\t\t\t\t\t<\/span>\n\t\t\t\t\t<\/a>\n\t\t\t\t<\/div>\n\t\t\t\t\t\t\t\t<\/div>\n\t\t\t\t<\/div>\n\t\t\t\t<\/div>\n\t\t\t\t<\/div>\n\t\t<div class=\"elementor-element elementor-element-f6a27c3 e-flex e-con-boxed e-con e-parent\" data-id=\"f6a27c3\" data-element_type=\"container\">\n\t\t\t\t\t<div class=\"e-con-inner\">\n\t\t\t\t<div class=\"elementor-element elementor-element-b465808 elementor-widget elementor-widget-spacer\" data-id=\"b465808\" data-element_type=\"widget\" data-widget_type=\"spacer.default\">\n\t\t\t\t<div class=\"elementor-widget-container\">\n\t\t\t\t\t\t\t<div class=\"elementor-spacer\">\n\t\t\t<div class=\"elementor-spacer-inner\"><\/div>\n\t\t<\/div>\n\t\t\t\t\t\t<\/div>\n\t\t\t\t<\/div>\n\t\t\t\t\t<\/div>\n\t\t\t\t<\/div>\n\t\t<div class=\"elementor-element elementor-element-313e7be e-con-full e-flex e-con e-child\" data-id=\"313e7be\" data-element_type=\"container\">\n\t\t<div class=\"elementor-element elementor-element-f52972b e-con-full e-flex e-con e-child\" data-id=\"f52972b\" data-element_type=\"container\" data-settings=\"{&quot;background_background&quot;:&quot;classic&quot;}\">\n\t\t\t\t<div class=\"elementor-element elementor-element-143405a elementor-widget elementor-widget-image\" data-id=\"143405a\" data-element_type=\"widget\" data-widget_type=\"image.default\">\n\t\t\t\t<div class=\"elementor-widget-container\">\n\t\t\t\t\t\t\t\t\t\t\t\t\t\t\t<img alt=\"\" decoding=\"async\" width=\"800\" height=\"355\" src=\"https:\/\/zsambeksciencepark.hu\/wp-content\/uploads\/2025\/05\/OE_jubileumok_eve-1024x454.png\" class=\"attachment-large size-large wp-image-31\" srcset=\"https:\/\/zsambeksciencepark.hu\/wp-content\/uploads\/2025\/05\/OE_jubileumok_eve-1024x454.png 1024w, https:\/\/zsambeksciencepark.hu\/wp-content\/uploads\/2025\/05\/OE_jubileumok_eve-300x133.png 300w, https:\/\/zsambeksciencepark.hu\/wp-content\/uploads\/2025\/05\/OE_jubileumok_eve-768x341.png 768w, https:\/\/zsambeksciencepark.hu\/wp-content\/uploads\/2025\/05\/OE_jubileumok_eve-1536x681.png 1536w, https:\/\/zsambeksciencepark.hu\/wp-content\/uploads\/2025\/05\/OE_jubileumok_eve-2048x908.png 2048w\" sizes=\"(max-width: 800px) 100vw, 800px\" \/>\t\t\t\t\t\t\t\t\t\t\t\t\t\t\t<\/div>\n\t\t\t\t<\/div>\n\t\t\t\t<\/div>\n\t\t<div class=\"elementor-element elementor-element-f5be782 e-con-full e-flex e-con e-child\" data-id=\"f5be782\" data-element_type=\"container\">\n\t\t\t\t<div class=\"elementor-element elementor-element-4d180f5 elementor-widget elementor-widget-heading\" data-id=\"4d180f5\" data-element_type=\"widget\" data-widget_type=\"heading.default\">\n\t\t\t\t<div class=\"elementor-widget-container\">\n\t\t\t\t\t<h2 class=\"elementor-heading-title elementor-size-default\">\u00d3buda University<\/h2>\t\t\t\t<\/div>\n\t\t\t\t<\/div>\n\t\t\t\t<div class=\"elementor-element elementor-element-1ef11b4 elementor-widget elementor-widget-text-editor\" data-id=\"1ef11b4\" data-element_type=\"widget\" data-widget_type=\"text-editor.default\">\n\t\t\t\t<div class=\"elementor-widget-container\">\n\t\t\t\t\t\t\t\t\t<p>\u00d3buda University is one of the leading, practice-oriented technical higher education institutions in Hungary, playing a decisive role in domestic and international research, development and innovation. The University provides outstanding engineering education, especially in the fields of ICT, mechatronics, robotics and cybersecurity, and actively participates in building the innovation ecosystem, in close cooperation with its industrial partners.<\/p>\t\t\t\t\t\t\t\t<\/div>\n\t\t\t\t<\/div>\n\t\t\t\t<div class=\"elementor-element elementor-element-eb04957 elementor-align-left elementor-widget elementor-widget-button\" data-id=\"eb04957\" data-element_type=\"widget\" data-widget_type=\"button.default\">\n\t\t\t\t<div class=\"elementor-widget-container\">\n\t\t\t\t\t\t\t\t\t<div class=\"elementor-button-wrapper\">\n\t\t\t\t\t<a class=\"elementor-button elementor-button-link elementor-size-sm\" href=\"https:\/\/uni-obuda.hu\/\" target=\"_blank\">\n\t\t\t\t\t\t<span class=\"elementor-button-content-wrapper\">\n\t\t\t\t\t\t\t\t\t<span class=\"elementor-button-text\">More information<\/span>\n\t\t\t\t\t<\/span>\n\t\t\t\t\t<\/a>\n\t\t\t\t<\/div>\n\t\t\t\t\t\t\t\t<\/div>\n\t\t\t\t<\/div>\n\t\t\t\t<\/div>\n\t\t\t\t<\/div>\n\t\t<div class=\"elementor-element elementor-element-07e5e6d e-flex e-con-boxed e-con e-parent\" data-id=\"07e5e6d\" data-element_type=\"container\">\n\t\t\t\t\t<div class=\"e-con-inner\">\n\t\t\t\t<div class=\"elementor-element elementor-element-b871a0e elementor-widget elementor-widget-spacer\" data-id=\"b871a0e\" data-element_type=\"widget\" data-widget_type=\"spacer.default\">\n\t\t\t\t<div class=\"elementor-widget-container\">\n\t\t\t\t\t\t\t<div class=\"elementor-spacer\">\n\t\t\t<div class=\"elementor-spacer-inner\"><\/div>\n\t\t<\/div>\n\t\t\t\t\t\t<\/div>\n\t\t\t\t<\/div>\n\t\t\t\t\t<\/div>\n\t\t\t\t<\/div>\n\t\t<div class=\"elementor-element elementor-element-0da327a e-con-full e-flex e-con e-child\" data-id=\"0da327a\" data-element_type=\"container\">\n\t\t<div class=\"elementor-element elementor-element-d78fa84 e-con-full e-flex e-con e-child\" data-id=\"d78fa84\" data-element_type=\"container\" data-settings=\"{&quot;background_background&quot;:&quot;classic&quot;}\">\n\t\t\t\t<div class=\"elementor-element elementor-element-599f150 elementor-widget elementor-widget-image\" data-id=\"599f150\" data-element_type=\"widget\" data-widget_type=\"image.default\">\n\t\t\t\t<div class=\"elementor-widget-container\">\n\t\t\t\t\t\t\t\t\t\t\t\t\t\t\t<img alt=\"\" decoding=\"async\" width=\"800\" height=\"307\" src=\"https:\/\/zsambeksciencepark.hu\/wp-content\/uploads\/2025\/09\/345907095_687786469817761_7182833945041090434_n-1024x393.jpg\" class=\"attachment-large size-large wp-image-1518\" srcset=\"https:\/\/zsambeksciencepark.hu\/wp-content\/uploads\/2025\/09\/345907095_687786469817761_7182833945041090434_n-1024x393.jpg 1024w, https:\/\/zsambeksciencepark.hu\/wp-content\/uploads\/2025\/09\/345907095_687786469817761_7182833945041090434_n-300x115.jpg 300w, https:\/\/zsambeksciencepark.hu\/wp-content\/uploads\/2025\/09\/345907095_687786469817761_7182833945041090434_n-768x295.jpg 768w, https:\/\/zsambeksciencepark.hu\/wp-content\/uploads\/2025\/09\/345907095_687786469817761_7182833945041090434_n-18x7.jpg 18w, https:\/\/zsambeksciencepark.hu\/wp-content\/uploads\/2025\/09\/345907095_687786469817761_7182833945041090434_n.jpg 1080w\" sizes=\"(max-width: 800px) 100vw, 800px\" \/>\t\t\t\t\t\t\t\t\t\t\t\t\t\t\t<\/div>\n\t\t\t\t<\/div>\n\t\t\t\t<\/div>\n\t\t<div class=\"elementor-element elementor-element-1db2532 e-con-full e-flex e-con e-child\" data-id=\"1db2532\" data-element_type=\"container\">\n\t\t\t\t<div class=\"elementor-element elementor-element-09d5fc9 elementor-widget elementor-widget-heading\" data-id=\"09d5fc9\" data-element_type=\"widget\" data-widget_type=\"heading.default\">\n\t\t\t\t<div class=\"elementor-widget-container\">\n\t\t\t\t\t<h2 class=\"elementor-heading-title elementor-size-default\">Hungarian Cluster Community <\/h2>\t\t\t\t<\/div>\n\t\t\t\t<\/div>\n\t\t\t\t<div class=\"elementor-element elementor-element-5504488 elementor-widget elementor-widget-text-editor\" data-id=\"5504488\" data-element_type=\"widget\" data-widget_type=\"text-editor.default\">\n\t\t\t\t<div class=\"elementor-widget-container\">\n\t\t\t\t\t\t\t\t\t<p>The Hungarian Cluster Community is the leading cluster umbrella organization in Hungary, which brings together domestic industry clusters from the bottom up. Its aim is to increase their visibility, represent their interests at the national and international level, encourage cooperation, and support their development, innovation, and sustainable growth.\u00a0<\/p>\t\t\t\t\t\t\t\t<\/div>\n\t\t\t\t<\/div>\n\t\t\t\t<div class=\"elementor-element elementor-element-a3157ff elementor-align-left elementor-widget elementor-widget-button\" data-id=\"a3157ff\" data-element_type=\"widget\" data-widget_type=\"button.default\">\n\t\t\t\t<div class=\"elementor-widget-container\">\n\t\t\t\t\t\t\t\t\t<div class=\"elementor-button-wrapper\">\n\t\t\t\t\t<a class=\"elementor-button elementor-button-link elementor-size-sm\" href=\"https:\/\/www.facebook.com\/magyarklaszterkozosseg\/\" target=\"_blank\">\n\t\t\t\t\t\t<span class=\"elementor-button-content-wrapper\">\n\t\t\t\t\t\t\t\t\t<span class=\"elementor-button-text\">More information<\/span>\n\t\t\t\t\t<\/span>\n\t\t\t\t\t<\/a>\n\t\t\t\t<\/div>\n\t\t\t\t\t\t\t\t<\/div>\n\t\t\t\t<\/div>\n\t\t\t\t<\/div>\n\t\t\t\t<\/div>\n\t\t<div class=\"elementor-element elementor-element-e2d678c e-flex e-con-boxed e-con e-parent\" data-id=\"e2d678c\" data-element_type=\"container\">\n\t\t\t\t\t<div class=\"e-con-inner\">\n\t\t\t\t<div class=\"elementor-element elementor-element-56dc1da elementor-widget elementor-widget-spacer\" data-id=\"56dc1da\" data-element_type=\"widget\" data-widget_type=\"spacer.default\">\n\t\t\t\t<div class=\"elementor-widget-container\">\n\t\t\t\t\t\t\t<div class=\"elementor-spacer\">\n\t\t\t<div class=\"elementor-spacer-inner\"><\/div>\n\t\t<\/div>\n\t\t\t\t\t\t<\/div>\n\t\t\t\t<\/div>\n\t\t\t\t\t<\/div>\n\t\t\t\t<\/div>\n\t\t<div class=\"elementor-element elementor-element-cdced99 e-con-full e-flex e-con e-child\" data-id=\"cdced99\" data-element_type=\"container\">\n\t\t<div class=\"elementor-element elementor-element-3a814cf e-con-full e-flex e-con e-child\" data-id=\"3a814cf\" data-element_type=\"container\" data-settings=\"{&quot;background_background&quot;:&quot;classic&quot;}\">\n\t\t\t\t<div class=\"elementor-element elementor-element-ef2c9e3 elementor-widget elementor-widget-image\" data-id=\"ef2c9e3\" data-element_type=\"widget\" data-widget_type=\"image.default\">\n\t\t\t\t<div class=\"elementor-widget-container\">\n\t\t\t\t\t\t\t\t\t\t\t\t\t\t\t<img alt=\"\" loading=\"lazy\" decoding=\"async\" width=\"544\" height=\"410\" src=\"https:\/\/zsambeksciencepark.hu\/wp-content\/uploads\/2025\/09\/njszt_0-544x410-1.png\" class=\"attachment-large size-large wp-image-1519\" srcset=\"https:\/\/zsambeksciencepark.hu\/wp-content\/uploads\/2025\/09\/njszt_0-544x410-1.png 544w, https:\/\/zsambeksciencepark.hu\/wp-content\/uploads\/2025\/09\/njszt_0-544x410-1-300x226.png 300w, https:\/\/zsambeksciencepark.hu\/wp-content\/uploads\/2025\/09\/njszt_0-544x410-1-16x12.png 16w\" sizes=\"(max-width: 544px) 100vw, 544px\" \/>\t\t\t\t\t\t\t\t\t\t\t\t\t\t\t<\/div>\n\t\t\t\t<\/div>\n\t\t\t\t<\/div>\n\t\t<div class=\"elementor-element elementor-element-bd6570d e-con-full e-flex e-con e-child\" data-id=\"bd6570d\" data-element_type=\"container\">\n\t\t\t\t<div class=\"elementor-element elementor-element-f043ab4 elementor-widget elementor-widget-heading\" data-id=\"f043ab4\" data-element_type=\"widget\" data-widget_type=\"heading.default\">\n\t\t\t\t<div class=\"elementor-widget-container\">\n\t\t\t\t\t<h2 class=\"elementor-heading-title elementor-size-default\">John Neumann Computer Science Society  <\/h2>\t\t\t\t<\/div>\n\t\t\t\t<\/div>\n\t\t\t\t<div class=\"elementor-element elementor-element-143962b elementor-widget elementor-widget-text-editor\" data-id=\"143962b\" data-element_type=\"widget\" data-widget_type=\"text-editor.default\">\n\t\t\t\t<div class=\"elementor-widget-container\">\n\t\t\t\t\t\t\t\t\t<p>The John Neumann Computer Science Society (NJSZT) is one of the oldest and most influential IT organizations in Hungary. Since 1968, it has been committed to spreading digital culture, promoting IT innovation, nurturing talent, and building a professional community, significantly contributing to the scientific and technological development of Hungary.\u00a0<\/p>\t\t\t\t\t\t\t\t<\/div>\n\t\t\t\t<\/div>\n\t\t\t\t<div class=\"elementor-element elementor-element-7478d72 elementor-align-left elementor-widget elementor-widget-button\" data-id=\"7478d72\" data-element_type=\"widget\" data-widget_type=\"button.default\">\n\t\t\t\t<div class=\"elementor-widget-container\">\n\t\t\t\t\t\t\t\t\t<div class=\"elementor-button-wrapper\">\n\t\t\t\t\t<a class=\"elementor-button elementor-button-link elementor-size-sm\" href=\"https:\/\/njszt.hu\/hu\" target=\"_blank\">\n\t\t\t\t\t\t<span class=\"elementor-button-content-wrapper\">\n\t\t\t\t\t\t\t\t\t<span class=\"elementor-button-text\">More information<\/span>\n\t\t\t\t\t<\/span>\n\t\t\t\t\t<\/a>\n\t\t\t\t<\/div>\n\t\t\t\t\t\t\t\t<\/div>\n\t\t\t\t<\/div>\n\t\t\t\t<\/div>\n\t\t\t\t<\/div>\n\t\t<div class=\"elementor-element elementor-element-cf1697e elementor-hidden-desktop elementor-hidden-tablet elementor-hidden-mobile e-flex e-con-boxed e-con e-parent\" data-id=\"cf1697e\" data-element_type=\"container\">\n\t\t\t\t\t<div class=\"e-con-inner\">\n\t\t\t\t<div class=\"elementor-element elementor-element-644ea0b elementor-widget elementor-widget-spacer\" data-id=\"644ea0b\" data-element_type=\"widget\" data-widget_type=\"spacer.default\">\n\t\t\t\t<div class=\"elementor-widget-container\">\n\t\t\t\t\t\t\t<div class=\"elementor-spacer\">\n\t\t\t<div class=\"elementor-spacer-inner\"><\/div>\n\t\t<\/div>\n\t\t\t\t\t\t<\/div>\n\t\t\t\t<\/div>\n\t\t\t\t\t<\/div>\n\t\t\t\t<\/div>\n\t\t<div class=\"elementor-element elementor-element-e285761 elementor-hidden-desktop elementor-hidden-tablet elementor-hidden-mobile e-flex e-con-boxed e-con e-parent\" data-id=\"e285761\" data-element_type=\"container\">\n\t\t\t\t\t<div class=\"e-con-inner\">\n\t\t<div class=\"elementor-element elementor-element-d507dc5 e-con-full e-flex e-con e-child\" data-id=\"d507dc5\" data-element_type=\"container\">\n\t\t\t\t<div class=\"elementor-element elementor-element-ee9b228 elementor-widget elementor-widget-heading\" data-id=\"ee9b228\" data-element_type=\"widget\" data-widget_type=\"heading.default\">\n\t\t\t\t<div class=\"elementor-widget-container\">\n\t\t\t\t\t<h2 class=\"elementor-heading-title elementor-size-default\">\u00d3buda University <\/h2>\t\t\t\t<\/div>\n\t\t\t\t<\/div>\n\t\t\t\t<div class=\"elementor-element elementor-element-59a518c elementor-widget elementor-widget-text-editor\" data-id=\"59a518c\" data-element_type=\"widget\" data-widget_type=\"text-editor.default\">\n\t\t\t\t<div class=\"elementor-widget-container\">\n\t\t\t\t\t\t\t\t\t<p class=\"p1\">\u00d3buda University has been a key player in Hungarian higher education for many decades. Building on its more than 145-year tradition and 15-year university history, and nurturing a 630-year jubilee legacy, it provides a solid foundation for industrial and scientific collaborations.<\/p>\t\t\t\t\t\t\t\t<\/div>\n\t\t\t\t<\/div>\n\t\t\t\t<div class=\"elementor-element elementor-element-76a0138 elementor-widget elementor-widget-button\" data-id=\"76a0138\" data-element_type=\"widget\" data-widget_type=\"button.default\">\n\t\t\t\t<div class=\"elementor-widget-container\">\n\t\t\t\t\t\t\t\t\t<div class=\"elementor-button-wrapper\">\n\t\t\t\t\t<a class=\"elementor-button elementor-button-link elementor-size-sm\" href=\"https:\/\/uni-obuda.hu\/\">\n\t\t\t\t\t\t<span class=\"elementor-button-content-wrapper\">\n\t\t\t\t\t\t\t\t\t<span class=\"elementor-button-text\">Go to the website<\/span>\n\t\t\t\t\t<\/span>\n\t\t\t\t\t<\/a>\n\t\t\t\t<\/div>\n\t\t\t\t\t\t\t\t<\/div>\n\t\t\t\t<\/div>\n\t\t\t\t<\/div>\n\t\t<div class=\"elementor-element elementor-element-f076aca e-con-full e-flex e-con e-child\" data-id=\"f076aca\" data-element_type=\"container\" data-settings=\"{&quot;background_background&quot;:&quot;classic&quot;}\">\n\t\t\t\t<div class=\"elementor-element elementor-element-82fab12 elementor-widget elementor-widget-image\" data-id=\"82fab12\" data-element_type=\"widget\" data-widget_type=\"image.default\">\n\t\t\t\t<div class=\"elementor-widget-container\">\n\t\t\t\t\t\t\t\t\t\t\t\t\t\t\t<img alt=\"\" loading=\"lazy\" decoding=\"async\" width=\"2560\" height=\"1135\" src=\"https:\/\/zsambeksciencepark.hu\/wp-content\/uploads\/2025\/05\/OE_jubileumok_eve-1-1-scaled.png\" class=\"attachment-full size-full wp-image-107\" srcset=\"https:\/\/zsambeksciencepark.hu\/wp-content\/uploads\/2025\/05\/OE_jubileumok_eve-1-1-scaled.png 2560w, https:\/\/zsambeksciencepark.hu\/wp-content\/uploads\/2025\/05\/OE_jubileumok_eve-1-1-300x133.png 300w, https:\/\/zsambeksciencepark.hu\/wp-content\/uploads\/2025\/05\/OE_jubileumok_eve-1-1-1024x454.png 1024w, https:\/\/zsambeksciencepark.hu\/wp-content\/uploads\/2025\/05\/OE_jubileumok_eve-1-1-768x341.png 768w, https:\/\/zsambeksciencepark.hu\/wp-content\/uploads\/2025\/05\/OE_jubileumok_eve-1-1-1536x681.png 1536w, https:\/\/zsambeksciencepark.hu\/wp-content\/uploads\/2025\/05\/OE_jubileumok_eve-1-1-2048x908.png 2048w\" sizes=\"(max-width: 2560px) 100vw, 2560px\" \/>\t\t\t\t\t\t\t\t\t\t\t\t\t\t\t<\/div>\n\t\t\t\t<\/div>\n\t\t\t\t<\/div>\n\t\t<div class=\"elementor-element elementor-element-c509287 e-con-full e-flex e-con e-child\" data-id=\"c509287\" data-element_type=\"container\" data-settings=\"{&quot;background_background&quot;:&quot;classic&quot;,&quot;position&quot;:&quot;absolute&quot;}\">\n\t\t\t\t<div class=\"elementor-element elementor-element-ee5b2de elementor-absolute elementor-widget elementor-widget-image\" data-id=\"ee5b2de\" data-element_type=\"widget\" data-settings=\"{&quot;_position&quot;:&quot;absolute&quot;}\" data-widget_type=\"image.default\">\n\t\t\t\t<div class=\"elementor-widget-container\">\n\t\t\t\t\t\t\t\t\t\t\t\t\t\t\t<img alt=\"\" loading=\"lazy\" decoding=\"async\" width=\"100\" height=\"100\" src=\"https:\/\/zsambeksciencepark.hu\/wp-content\/uploads\/2025\/06\/Ellipse-1.png\" class=\"attachment-full size-full wp-image-479\" srcset=\"https:\/\/zsambeksciencepark.hu\/wp-content\/uploads\/2025\/06\/Ellipse-1.png 100w, https:\/\/zsambeksciencepark.hu\/wp-content\/uploads\/2025\/06\/Ellipse-1-12x12.png 12w\" sizes=\"(max-width: 100px) 100vw, 100px\" \/>\t\t\t\t\t\t\t\t\t\t\t\t\t\t\t<\/div>\n\t\t\t\t<\/div>\n\t\t\t\t<div class=\"elementor-element elementor-element-cfeeb1c elementor-vertical-align-top elementor-widget elementor-widget-image-box\" data-id=\"cfeeb1c\" data-element_type=\"widget\" data-widget_type=\"image-box.default\">\n\t\t\t\t<div class=\"elementor-widget-container\">\n\t\t\t\t\t<div class=\"elementor-image-box-wrapper\"><div class=\"elementor-image-box-content\"><div class=\"elementor-image-box-title\">The scientific engine of innovation<\/div><p class=\"elementor-image-box-description\">\u00d3buda University is one of the most important scientific bases and professional partners of the park&#039;s technological developments.\n<\/p><\/div><\/div>\t\t\t\t<\/div>\n\t\t\t\t<\/div>\n\t\t\t\t<\/div>\n\t\t\t\t\t<\/div>\n\t\t\t\t<\/div>\n\t\t<div class=\"elementor-element elementor-element-06a056f e-flex e-con-boxed e-con e-parent\" data-id=\"06a056f\" data-element_type=\"container\">\n\t\t\t\t\t<div class=\"e-con-inner\">\n\t\t\t\t<div class=\"elementor-element elementor-element-f22c6e3 elementor-widget elementor-widget-spacer\" data-id=\"f22c6e3\" data-element_type=\"widget\" data-widget_type=\"spacer.default\">\n\t\t\t\t<div class=\"elementor-widget-container\">\n\t\t\t\t\t\t\t<div class=\"elementor-spacer\">\n\t\t\t<div class=\"elementor-spacer-inner\"><\/div>\n\t\t<\/div>\n\t\t\t\t\t\t<\/div>\n\t\t\t\t<\/div>\n\t\t\t\t\t<\/div>\n\t\t\t\t<\/div>\n\t\t<div class=\"elementor-element elementor-element-823647c elementor-hidden-desktop elementor-hidden-tablet elementor-hidden-mobile e-flex e-con-boxed e-con e-parent\" data-id=\"823647c\" data-element_type=\"container\">\n\t\t\t\t\t<div class=\"e-con-inner\">\n\t\t\t\t<div class=\"elementor-element elementor-element-43a4736 elementor-widget elementor-widget-html\" data-id=\"43a4736\" data-element_type=\"widget\" data-widget_type=\"html.default\">\n\t\t\t\t<div class=\"elementor-widget-container\">\n\t\t\t\t\t<script>\n  document.addEventListener(\"DOMContentLoaded\", function () {\n    const logo = document.querySelector('#partner-logo');\n    const tooltip = document.querySelector('#logo-utmutatas');\n\n    if (logo && tooltip) {\n      tooltip.style.display = 'none';\n\n      logo.addEventListener('mouseenter', function () {\n        tooltip.style.display = 'block';\n      });\n\n      logo.addEventListener('mouseleave', function () {\n        tooltip.style.display = 'none';\n      });\n    }\n  });\n<\/script>\t\t\t\t<\/div>\n\t\t\t\t<\/div>\n\t\t\t\t\t<\/div>\n\t\t\t\t<\/div>\n\t\t\t\t<\/div>","protected":false},"excerpt":{"rendered":"<p>Hungarian Cybersecurity Cluster The Hungarian Cybersecurity Cluster is a collaborative community that brings together businesses, educational and research institutions active in domestic cybersecurity. Its aim is to promote the development of digital protection in Hungary through joint projects, knowledge sharing and support for innovative solutions. More information \u00d3buda University \u00d3buda University is one of the leading, practice-oriented technical higher education institutions in Hungary, which plays a decisive role [\u2026]<\/p>","protected":false},"author":1,"featured_media":0,"parent":0,"menu_order":0,"comment_status":"closed","ping_status":"closed","template":"","meta":{"_seopress_robots_primary_cat":"","_seopress_titles_title":"","_seopress_titles_desc":"Fedezze fel azokat a kulcsszerepl\u0151ket, akik hozz\u00e1j\u00e1rulnak a j\u00f6v\u0151 technol\u00f3gi\u00e1inak fejleszt\u00e9s\u00e9hez \u00e9s az egy\u00fcttm\u0171k\u00f6d\u00e9s siker\u00e9hez.","_seopress_robots_index":"","footnotes":""},"class_list":["post-444","page","type-page","status-publish","hentry"],"_links":{"self":[{"href":"https:\/\/zsambeksciencepark.hu\/en\/wp-json\/wp\/v2\/pages\/444","targetHints":{"allow":["GET"]}}],"collection":[{"href":"https:\/\/zsambeksciencepark.hu\/en\/wp-json\/wp\/v2\/pages"}],"about":[{"href":"https:\/\/zsambeksciencepark.hu\/en\/wp-json\/wp\/v2\/types\/page"}],"author":[{"embeddable":true,"href":"https:\/\/zsambeksciencepark.hu\/en\/wp-json\/wp\/v2\/users\/1"}],"replies":[{"embeddable":true,"href":"https:\/\/zsambeksciencepark.hu\/en\/wp-json\/wp\/v2\/comments?post=444"}],"version-history":[{"count":78,"href":"https:\/\/zsambeksciencepark.hu\/en\/wp-json\/wp\/v2\/pages\/444\/revisions"}],"predecessor-version":[{"id":1522,"href":"https:\/\/zsambeksciencepark.hu\/en\/wp-json\/wp\/v2\/pages\/444\/revisions\/1522"}],"wp:attachment":[{"href":"https:\/\/zsambeksciencepark.hu\/en\/wp-json\/wp\/v2\/media?parent=444"}],"curies":[{"name":"wp","href":"https:\/\/api.w.org\/{rel}","templated":true}]}}