{"id":1145,"date":"2025-07-04T13:05:00","date_gmt":"2025-07-04T13:05:00","guid":{"rendered":"https:\/\/zstip.2kwebdesign.hu\/?page_id=1145"},"modified":"2025-07-04T13:09:15","modified_gmt":"2025-07-04T13:09:15","slug":"alapveto-infrastrukturahoz-kapcsolodo-szolgaltatasok","status":"publish","type":"page","link":"https:\/\/zsambeksciencepark.hu\/en\/szolgaltatasok\/alapveto-infrastrukturahoz-kapcsolodo-szolgaltatasok\/","title":{"rendered":"Basic infrastructure related services"},"content":{"rendered":"<div data-elementor-type=\"wp-page\" data-elementor-id=\"1145\" class=\"elementor elementor-1145\" data-elementor-post-type=\"page\">\n\t\t\t\t<div class=\"elementor-element elementor-element-71ba28e e-flex e-con-boxed e-con e-parent\" data-id=\"71ba28e\" data-element_type=\"container\" data-settings=\"{&quot;background_background&quot;:&quot;classic&quot;}\">\n\t\t\t\t\t<div class=\"e-con-inner\">\n\t\t<div class=\"elementor-element elementor-element-269b11a e-flex e-con-boxed e-con e-child\" data-id=\"269b11a\" data-element_type=\"container\">\n\t\t\t\t\t<div class=\"e-con-inner\">\n\t\t<div class=\"elementor-element elementor-element-80a783a e-con-full e-flex e-con e-child\" data-id=\"80a783a\" data-element_type=\"container\">\n\t\t\t\t<\/div>\n\t\t<div class=\"elementor-element elementor-element-621b9f8 e-con-full e-flex e-con e-child\" data-id=\"621b9f8\" data-element_type=\"container\">\n\t\t\t\t<\/div>\n\t\t\t\t\t<\/div>\n\t\t\t\t<\/div>\n\t\t\t\t\t<\/div>\n\t\t\t\t<\/div>\n\t\t<div class=\"elementor-element elementor-element-d129d54 elementor-hidden-desktop elementor-hidden-tablet elementor-hidden-mobile e-flex e-con-boxed e-con e-parent\" data-id=\"d129d54\" data-element_type=\"container\">\n\t\t\t\t\t<div class=\"e-con-inner\">\n\t\t<div class=\"elementor-element elementor-element-8a5faca e-con-full e-flex e-con e-child\" data-id=\"8a5faca\" data-element_type=\"container\">\n\t\t\t\t<div class=\"elementor-element elementor-element-91f7ce7 elementor-nav-menu--dropdown-none elementor-widget elementor-widget-nav-menu\" data-id=\"91f7ce7\" data-element_type=\"widget\" data-settings=\"{&quot;layout&quot;:&quot;horizontal&quot;,&quot;submenu_icon&quot;:{&quot;value&quot;:&quot;&lt;svg class=\\&quot;e-font-icon-svg e-fas-caret-down\\&quot; viewBox=\\&quot;0 0 320 512\\&quot; xmlns=\\&quot;http:\\\/\\\/www.w3.org\\\/2000\\\/svg\\&quot;&gt;&lt;path d=\\&quot;M31.3 192h257.3c17.8 0 26.7 21.5 14.1 34.1L174.1 354.8c-7.8 7.8-20.5 7.8-28.3 0L17.2 226.1C4.6 213.5 13.5 192 31.3 192z\\&quot;&gt;&lt;\\\/path&gt;&lt;\\\/svg&gt;&quot;,&quot;library&quot;:&quot;fa-solid&quot;}}\" data-widget_type=\"nav-menu.default\">\n\t\t\t\t<div class=\"elementor-widget-container\">\n\t\t\t\t\t\t\t\t<nav aria-label=\"Menu\" class=\"elementor-nav-menu--main elementor-nav-menu__container elementor-nav-menu--layout-horizontal e--pointer-underline e--animation-fade\">\n\t\t\t\t<ul id=\"menu-1-91f7ce7\" class=\"elementor-nav-menu\"><li class=\"menu-item menu-item-type-post_type menu-item-object-page menu-item-927\"><a href=\"https:\/\/zsambeksciencepark.hu\/en\/szolgaltatasok\/kfi-es-ku%cc%88lonbozo-innovacio-fokuszu-tevekenysegekhez-kapcsolodo-szolgaltatasok\/\" class=\"elementor-item\">Services related to R&amp;D&amp;I and various innovation-focused activities<\/a><\/li>\n<li class=\"menu-item menu-item-type-post_type menu-item-object-page menu-item-941\"><a href=\"https:\/\/zsambeksciencepark.hu\/en\/szolgaltatasok\/infrastrukturahoz-kapcsolodo-szolgaltatasok\/\" class=\"elementor-item\">Infrastructure-related services<\/a><\/li>\n<li class=\"menu-item menu-item-type-post_type menu-item-object-page menu-item-956\"><a href=\"https:\/\/zsambeksciencepark.hu\/en\/szolgaltatasok\/uzleti-szolgaltatasok\/\" class=\"elementor-item\">Business services<\/a><\/li>\n<\/ul>\t\t\t<\/nav>\n\t\t\t\t\t\t<nav class=\"elementor-nav-menu--dropdown elementor-nav-menu__container\" aria-hidden=\"true\">\n\t\t\t\t<ul id=\"menu-2-91f7ce7\" class=\"elementor-nav-menu\"><li class=\"menu-item menu-item-type-post_type menu-item-object-page menu-item-927\"><a href=\"https:\/\/zsambeksciencepark.hu\/en\/szolgaltatasok\/kfi-es-ku%cc%88lonbozo-innovacio-fokuszu-tevekenysegekhez-kapcsolodo-szolgaltatasok\/\" class=\"elementor-item\" tabindex=\"-1\">Services related to R&amp;D&amp;I and various innovation-focused activities<\/a><\/li>\n<li class=\"menu-item menu-item-type-post_type menu-item-object-page menu-item-941\"><a href=\"https:\/\/zsambeksciencepark.hu\/en\/szolgaltatasok\/infrastrukturahoz-kapcsolodo-szolgaltatasok\/\" class=\"elementor-item\" tabindex=\"-1\">Infrastructure-related services<\/a><\/li>\n<li class=\"menu-item menu-item-type-post_type menu-item-object-page menu-item-956\"><a href=\"https:\/\/zsambeksciencepark.hu\/en\/szolgaltatasok\/uzleti-szolgaltatasok\/\" class=\"elementor-item\" tabindex=\"-1\">Business services<\/a><\/li>\n<\/ul>\t\t\t<\/nav>\n\t\t\t\t\t\t<\/div>\n\t\t\t\t<\/div>\n\t\t\t\t<\/div>\n\t\t\t\t\t<\/div>\n\t\t\t\t<\/div>\n\t\t<div class=\"elementor-element elementor-element-7573769 e-flex e-con-boxed e-con e-parent\" data-id=\"7573769\" data-element_type=\"container\">\n\t\t\t\t\t<div class=\"e-con-inner\">\n\t\t<div class=\"elementor-element elementor-element-c1fda82 e-con-full e-flex e-con e-child\" data-id=\"c1fda82\" data-element_type=\"container\">\n\t\t\t\t<div class=\"elementor-element elementor-element-2f3032c elementor-widget elementor-widget-text-editor\" data-id=\"2f3032c\" data-element_type=\"widget\" data-widget_type=\"text-editor.default\">\n\t\t\t\t<div class=\"elementor-widget-container\">\n\t\t\t\t\t\t\t\t\t<p><strong>Basic infrastructure related services<\/strong><\/p><ul><li>Reception<\/li><li>Conference, \u2013 meeting\/lecture and event room<\/li><li>Parking<\/li><li>Cleaning services<\/li><li>General technical maintenance<\/li><li>IT services (internet, fax)<\/li><li>Infrastructure and equipment rental<\/li><li>Data center, advanced server infrastructure<\/li><li>Additional infrastructure-related services implemented by the City of Zs\u00e1mb\u00e9k (typically not in the area of ZSTIP, but in cooperation with the City Government of Zs\u00e1mb\u00e9k through services managed by the city)<\/li><li>Accommodation<\/li><li>Childcare center<\/li><li>Relaxation room<\/li><li>Multi-level access control system<\/li><li>Matching urban services (e.g. tourism service package)<\/li><li>Medical on-call, occupational health on-call<\/li><li>Adaptation of urban planning needs (development of special urban provisions)<\/li><\/ul>\t\t\t\t\t\t\t\t<\/div>\n\t\t\t\t<\/div>\n\t\t\t\t<div class=\"elementor-element elementor-element-791202b elementor-align-center elementor-widget elementor-widget-button\" data-id=\"791202b\" data-element_type=\"widget\" data-widget_type=\"button.default\">\n\t\t\t\t<div class=\"elementor-widget-container\">\n\t\t\t\t\t\t\t\t\t<div class=\"elementor-button-wrapper\">\n\t\t\t\t\t<a class=\"elementor-button elementor-button-link elementor-size-sm\" href=\"\/en\/csatlakozas\/?egyuttmukodes=Szolg\u00e1ltat\u00e1sok&#038;szolgaltatas_megnevezese=Alapvet\u0151-infrastrukt\u00far\u00e1hoz-kapcsol\u00f3d\u00f3-szolg\u00e1ltat\u00e1sok\">\n\t\t\t\t\t\t<span class=\"elementor-button-content-wrapper\">\n\t\t\t\t\t\t\t\t\t<span class=\"elementor-button-text\">Interested<\/span>\n\t\t\t\t\t<\/span>\n\t\t\t\t\t<\/a>\n\t\t\t\t<\/div>\n\t\t\t\t\t\t\t\t<\/div>\n\t\t\t\t<\/div>\n\t\t\t\t<\/div>\n\t\t\t\t\t<\/div>\n\t\t\t\t<\/div>\n\t\t<div class=\"elementor-element elementor-element-8428a44 e-flex e-con-boxed e-con e-parent\" data-id=\"8428a44\" data-element_type=\"container\">\n\t\t\t\t\t<div class=\"e-con-inner\">\n\t\t\t\t<div class=\"elementor-element elementor-element-819df68 elementor-widget elementor-widget-spacer\" data-id=\"819df68\" data-element_type=\"widget\" data-widget_type=\"spacer.default\">\n\t\t\t\t<div class=\"elementor-widget-container\">\n\t\t\t\t\t\t\t<div class=\"elementor-spacer\">\n\t\t\t<div class=\"elementor-spacer-inner\"><\/div>\n\t\t<\/div>\n\t\t\t\t\t\t<\/div>\n\t\t\t\t<\/div>\n\t\t\t\t\t<\/div>\n\t\t\t\t<\/div>\n\t\t\t\t<\/div>","protected":false},"excerpt":{"rendered":"<p>Alapvet\u0151 infrastrukt\u00far\u00e1hoz kapcsol\u00f3d\u00f3 szolg\u00e1ltat\u00e1sok Recepci\u00f3 Konferencia, &#8211; t\u00e1rgyal\u00f3\/el\u0151ad\u00f3 \u00e9s rendezv\u00e9nyterem Parkol\u00f3 Takar\u00edt\u00e1si szolg\u00e1ltat\u00e1sok \u00c1ltal\u00e1nos m\u0171szaki karbantart\u00e1s IT szolg\u00e1ltat\u00e1sok (internet, fax) Infrastrukt\u00fara \u00e9s berendez\u00e9sek b\u00e9rbead\u00e1sa Adatk\u00f6zpont, fejlett szerverinfrastrukt\u00fara Kieg\u00e9sz\u00edt\u0151, infrastrukt\u00far\u00e1hoz kapcsol\u00f3d\u00f3 szolg\u00e1ltat\u00e1sok Zs\u00e1mb\u00e9k V\u00e1rosa \u00e1ltal megval\u00f3s\u00edtva (jellemz\u0151en nem a ZSTIP teru\u0308let\u00e9n, hanem Zs\u00e1mb\u00e9k V\u00e1ros \u00d6nkorm\u00e1nyzat\u00e1val egyu\u0308ttm\u0171k\u00f6dve a v\u00e1ros \u00e1ltal kezelt szolg\u00e1ltat\u00e1sok r\u00e9v\u00e9n) Sz\u00e1ll\u00e1shely Gyermekmeg\u0151rz\u0151 k\u00f6zpont Pihen\u0151szoba [&hellip;]<\/p>","protected":false},"author":1,"featured_media":0,"parent":248,"menu_order":0,"comment_status":"closed","ping_status":"closed","template":"","meta":{"_seopress_robots_primary_cat":"","_seopress_titles_title":"","_seopress_titles_desc":"","_seopress_robots_index":"","footnotes":""},"class_list":["post-1145","page","type-page","status-publish","hentry"],"_links":{"self":[{"href":"https:\/\/zsambeksciencepark.hu\/en\/wp-json\/wp\/v2\/pages\/1145","targetHints":{"allow":["GET"]}}],"collection":[{"href":"https:\/\/zsambeksciencepark.hu\/en\/wp-json\/wp\/v2\/pages"}],"about":[{"href":"https:\/\/zsambeksciencepark.hu\/en\/wp-json\/wp\/v2\/types\/page"}],"author":[{"embeddable":true,"href":"https:\/\/zsambeksciencepark.hu\/en\/wp-json\/wp\/v2\/users\/1"}],"replies":[{"embeddable":true,"href":"https:\/\/zsambeksciencepark.hu\/en\/wp-json\/wp\/v2\/comments?post=1145"}],"version-history":[{"count":4,"href":"https:\/\/zsambeksciencepark.hu\/en\/wp-json\/wp\/v2\/pages\/1145\/revisions"}],"predecessor-version":[{"id":1149,"href":"https:\/\/zsambeksciencepark.hu\/en\/wp-json\/wp\/v2\/pages\/1145\/revisions\/1149"}],"up":[{"embeddable":true,"href":"https:\/\/zsambeksciencepark.hu\/en\/wp-json\/wp\/v2\/pages\/248"}],"wp:attachment":[{"href":"https:\/\/zsambeksciencepark.hu\/en\/wp-json\/wp\/v2\/media?parent=1145"}],"curies":[{"name":"wp","href":"https:\/\/api.w.org\/{rel}","templated":true}]}}